{"id":538,"date":"2022-09-16T13:41:08","date_gmt":"2022-09-16T11:41:08","guid":{"rendered":"https:\/\/gymnasium-rheindahlen.de\/?page_id=538"},"modified":"2022-09-16T13:42:41","modified_gmt":"2022-09-16T11:42:41","slug":"ehemalige","status":"publish","type":"page","link":"https:\/\/gymnasium-rheindahlen.de\/index.php\/ehemalige\/","title":{"rendered":"Ehemalige"},"content":{"rendered":"\n<p>Liebe Ehemalige des Gymnasiums Rheindahlen,<\/p>\n\n\n\n<p>nachdem die Pandemie in den Vorjahren ein gemeinsames Fest verhindert hatte, fand unser Ehemaligentreffen im Schuljahr 2022\/23 erstmalig im Rahmen des Schulfestes statt. Wie immer wurden hierzu die Abiturjahrg\u00e4nge, die Einsicht in die Abiturklausuren nehmen d\u00fcrfen, gesondert eingeladen. Alle anderen Ehemaligen waren und sind nat\u00fcrlich ebenso herzlich eingeladen. Bitte beachten Sie hierzu immer die aktuellen Ank\u00fcndigungen bzw. Termine auf der Schulhomepage.<\/p>\n","protected":false},"excerpt":{"rendered":"<p>Liebe Ehemalige des Gymnasiums Rheindahlen, nachdem die Pandemie in den Vorjahren ein gemeinsames Fest verhindert hatte, fand unser Ehemaligentreffen im [&hellip;]<\/p>\n","protected":false},"author":1,"featured_media":0,"parent":0,"menu_order":0,"comment_status":"closed","ping_status":"closed","template":"","meta":{"ngg_post_thumbnail":0,"footnotes":""},"class_list":["post-538","page","type-page","status-publish","hentry"],"featured_image_src":null,"_links":{"self":[{"href":"https:\/\/gymnasium-rheindahlen.de\/index.php\/wp-json\/wp\/v2\/pages\/538","targetHints":{"allow":["GET"]}}],"collection":[{"href":"https:\/\/gymnasium-rheindahlen.de\/index.php\/wp-json\/wp\/v2\/pages"}],"about":[{"href":"https:\/\/gymnasium-rheindahlen.de\/index.php\/wp-json\/wp\/v2\/types\/page"}],"author":[{"embeddable":true,"href":"https:\/\/gymnasium-rheindahlen.de\/index.php\/wp-json\/wp\/v2\/users\/1"}],"replies":[{"embeddable":true,"href":"https:\/\/gymnasium-rheindahlen.de\/index.php\/wp-json\/wp\/v2\/comments?post=538"}],"version-history":[{"count":3,"href":"https:\/\/gymnasium-rheindahlen.de\/index.php\/wp-json\/wp\/v2\/pages\/538\/revisions"}],"predecessor-version":[{"id":541,"href":"https:\/\/gymnasium-rheindahlen.de\/index.php\/wp-json\/wp\/v2\/pages\/538\/revisions\/541"}],"wp:attachment":[{"href":"https:\/\/gymnasium-rheindahlen.de\/index.php\/wp-json\/wp\/v2\/media?parent=538"}],"curies":[{"name":"wp","href":"https:\/\/api.w.org\/{rel}","templated":true}]}}