{"id":534,"date":"2022-09-16T13:35:49","date_gmt":"2022-09-16T11:35:49","guid":{"rendered":"https:\/\/gymnasium-rheindahlen.de\/?page_id=534"},"modified":"2022-09-16T13:35:49","modified_gmt":"2022-09-16T11:35:49","slug":"mint-faecher","status":"publish","type":"page","link":"https:\/\/gymnasium-rheindahlen.de\/index.php\/mint-faecher\/","title":{"rendered":"MINT-F\u00e4cher"},"content":{"rendered":"\n<p>In der aktuellen Qualit\u00e4tsdiskussion haben die MINT-F\u00e4cher (Mathematik, Informatik, Naturwissenschaft und Technik) eine herausragende Bedeutung.<br>Am Gymnasium Rheindahlen wird diesen F\u00e4chern ebenfalls ein besonderer Stellenwert zugeordnet. Dies erkl\u00e4rt sich m\u00f6glicherweise auch daraus, dass der Gr\u00fcndungsschulleiter MINT- F\u00e4cher vertrat.<\/p>\n\n\n\n<p>In der Sekundarstufe I findet das Fach Informatik sehr regen Zulauf.<\/p>\n\n\n\n<p>In der Oberstufe (Sek. II) gibt es am Gymnasium Rheindahlen immer Grund- und Leistungskurse in Mathematik und meistens auch in Biologie. Physik, Chemie und Informatik werden als Grundkurse weitergef\u00fchrt.<\/p>\n\n\n\n<p>Unterrichtsbegleitende und au\u00dferunterrichtliche Aktivit\u00e4ten sind zahlreich, an dieser Stelle sei nur auf unser gro\u00dfes Engagement im Bereich \u201eJugend forscht&#8220; verwiesen.<\/p>\n\n\n\n<p>Die Schule m\u00f6chte diesen mathematisch-naturwissenschaftlichen Profilbereich auch im Hinblick auf die aktuellen Forderungen nach mehr Qualit\u00e4t und mehr naturwissenschaftlich- technischen Fachleuten nicht nur erhalten, sondern auch im Rahmen des M\u00f6glichen weiter ausbauen.<\/p>\n","protected":false},"excerpt":{"rendered":"<p>In der aktuellen Qualit\u00e4tsdiskussion haben die MINT-F\u00e4cher (Mathematik, Informatik, Naturwissenschaft und Technik) eine herausragende Bedeutung.Am Gymnasium Rheindahlen wird diesen F\u00e4chern [&hellip;]<\/p>\n","protected":false},"author":1,"featured_media":0,"parent":0,"menu_order":0,"comment_status":"closed","ping_status":"closed","template":"","meta":{"ngg_post_thumbnail":0,"footnotes":""},"class_list":["post-534","page","type-page","status-publish","hentry"],"featured_image_src":null,"_links":{"self":[{"href":"https:\/\/gymnasium-rheindahlen.de\/index.php\/wp-json\/wp\/v2\/pages\/534","targetHints":{"allow":["GET"]}}],"collection":[{"href":"https:\/\/gymnasium-rheindahlen.de\/index.php\/wp-json\/wp\/v2\/pages"}],"about":[{"href":"https:\/\/gymnasium-rheindahlen.de\/index.php\/wp-json\/wp\/v2\/types\/page"}],"author":[{"embeddable":true,"href":"https:\/\/gymnasium-rheindahlen.de\/index.php\/wp-json\/wp\/v2\/users\/1"}],"replies":[{"embeddable":true,"href":"https:\/\/gymnasium-rheindahlen.de\/index.php\/wp-json\/wp\/v2\/comments?post=534"}],"version-history":[{"count":1,"href":"https:\/\/gymnasium-rheindahlen.de\/index.php\/wp-json\/wp\/v2\/pages\/534\/revisions"}],"predecessor-version":[{"id":535,"href":"https:\/\/gymnasium-rheindahlen.de\/index.php\/wp-json\/wp\/v2\/pages\/534\/revisions\/535"}],"wp:attachment":[{"href":"https:\/\/gymnasium-rheindahlen.de\/index.php\/wp-json\/wp\/v2\/media?parent=534"}],"curies":[{"name":"wp","href":"https:\/\/api.w.org\/{rel}","templated":true}]}}