{"id":532,"date":"2022-09-16T13:32:45","date_gmt":"2022-09-16T11:32:45","guid":{"rendered":"https:\/\/gymnasium-rheindahlen.de\/?page_id=532"},"modified":"2022-09-16T13:32:45","modified_gmt":"2022-09-16T11:32:45","slug":"gesellschaftswissenschaften","status":"publish","type":"page","link":"https:\/\/gymnasium-rheindahlen.de\/index.php\/gesellschaftswissenschaften\/","title":{"rendered":"Gesellschaftswissenschaften"},"content":{"rendered":"\n<p>Allen F\u00e4chern des gesellschaftswissenschaftlichen Bereichs ist gemeinsam, dass sie den Menschen einerseits als &#8222;Produkt&#8220;, andererseits als Gestalter der Gesellschaft verstehen.<\/p>\n\n\n\n<p>Die Erziehung des Menschen bildet eine bedeutsame Grundlage f\u00fcr sein Verhalten, seine Einstellung und seine Prinzipien. Im Fach Erziehungswissenschaft wird reflektiert, welche Auswirkungen eine bestimmte Erziehung auf menschliches Verhalten haben kann, welche allgemeinen Grunds\u00e4tze bei der Erziehung zu ber\u00fccksichtigen sind, welche Fehler gemacht und wie m\u00f6gliche daraus resultierende Probleme eventuell gel\u00f6st werden k\u00f6nnen. Wesentliches Ziel des Faches ist es also \u00fcber Erziehungsprozesse aufzukl\u00e4ren, um Menschen zu verantwortlichem Leben in unserer Gesellschaft zu befahigen.<\/p>\n\n\n\n<p>Das Fach Sozialwissenschaft will kompetentes Handeln in gegebenen gesellschaftlichen Strukturen, kritisch-reflektives Nachdenken \u00fcber gesellschattliche Formungen und die engagiert-verantwortliche Bearbeitung gesellschaftlicher Probleme f\u00f6rdern. Fachspezifische Inhalte und Methoden der drei Teildisziplinen Politik, Soziologie und \u00d6konomie sollen die F\u00e4higkeit zur Situationsanalyse einerseits und Handlungskompetenz andererseits f\u00f6rdern. Der Einfluss der Gesellschaft auf den Einzelnen in und auf die Gesellschaft deutlich zu machen ist also wesentliches Ziel des Faches.<\/p>\n\n\n\n<p>Dem Fach Geschichte kommt vor allem die Aufgabe zu, im Sinne des historischen Bewusstseins die Frage nach den historischen &#8222;Wurzeln&#8220; der Gegenwart zu stellen, um \u00fcber kritische Reflektionen zuk\u00fcnftige M\u00f6glichkeiten zu erkennen,&#8216;<\/p>\n\n\n\n<p>Im Fach Erdkunde wird der Raum als Dimension des menschlichen Lebens in den Mittelpunkt ger\u00fcckt, der zugleich Bedingung und Ausdruck gesellschaftlichen Handelns ist. Nachhaltige Entwicklung ist ohne fundierte Raumkenntnisse und ohne umwelt- und sozialvertr\u00e4gliches Handeln im Raum nicht m\u00f6glich. Raumnutzungskonkurrenz, Globalisierung bei paralleler Regionalisierung, Disparit\u00e4ten zwischen und innerhalb verschiedener Regionen sowie das Zusammenleben unterschiedlicher Kulturen und Gesellschaften sind wesentliche Probleme, die im Erdkundeunterricht behandelt werden Topographisches Wissen wird dabei ebenso vermittelt wie Einsichten in den Bau der Erdkruste (Plattentektonik) oder die Entstehung und Auspr\u00e4gung der Klima- und Landschaftszonen.<\/p>\n","protected":false},"excerpt":{"rendered":"<p>Allen F\u00e4chern des gesellschaftswissenschaftlichen Bereichs ist gemeinsam, dass sie den Menschen einerseits als &#8222;Produkt&#8220;, andererseits als Gestalter der Gesellschaft verstehen. [&hellip;]<\/p>\n","protected":false},"author":1,"featured_media":0,"parent":0,"menu_order":0,"comment_status":"closed","ping_status":"closed","template":"","meta":{"ngg_post_thumbnail":0,"footnotes":""},"class_list":["post-532","page","type-page","status-publish","hentry"],"featured_image_src":null,"_links":{"self":[{"href":"https:\/\/gymnasium-rheindahlen.de\/index.php\/wp-json\/wp\/v2\/pages\/532","targetHints":{"allow":["GET"]}}],"collection":[{"href":"https:\/\/gymnasium-rheindahlen.de\/index.php\/wp-json\/wp\/v2\/pages"}],"about":[{"href":"https:\/\/gymnasium-rheindahlen.de\/index.php\/wp-json\/wp\/v2\/types\/page"}],"author":[{"embeddable":true,"href":"https:\/\/gymnasium-rheindahlen.de\/index.php\/wp-json\/wp\/v2\/users\/1"}],"replies":[{"embeddable":true,"href":"https:\/\/gymnasium-rheindahlen.de\/index.php\/wp-json\/wp\/v2\/comments?post=532"}],"version-history":[{"count":1,"href":"https:\/\/gymnasium-rheindahlen.de\/index.php\/wp-json\/wp\/v2\/pages\/532\/revisions"}],"predecessor-version":[{"id":533,"href":"https:\/\/gymnasium-rheindahlen.de\/index.php\/wp-json\/wp\/v2\/pages\/532\/revisions\/533"}],"wp:attachment":[{"href":"https:\/\/gymnasium-rheindahlen.de\/index.php\/wp-json\/wp\/v2\/media?parent=532"}],"curies":[{"name":"wp","href":"https:\/\/api.w.org\/{rel}","templated":true}]}}