{"id":516,"date":"2022-09-16T13:12:31","date_gmt":"2022-09-16T11:12:31","guid":{"rendered":"https:\/\/gymnasium-rheindahlen.de\/?page_id=516"},"modified":"2023-11-06T16:38:58","modified_gmt":"2023-11-06T15:38:58","slug":"eliteschule-des-fussballs","status":"publish","type":"page","link":"https:\/\/gymnasium-rheindahlen.de\/index.php\/eliteschule-des-fussballs\/","title":{"rendered":"Eliteschule des Fu\u00dfballs"},"content":{"rendered":"\r\n<div class=\"wp-block-group is-layout-flow wp-block-group-is-layout-flow\">\r\n<figure class=\"wp-block-image size-large\"><img loading=\"lazy\" decoding=\"async\" width=\"1024\" height=\"346\" class=\"wp-image-517\" src=\"https:\/\/gymnasium-rheindahlen.de\/wp-content\/uploads\/2022\/09\/eliteschulen-des-fussballs_4c-1024x346.jpg\" alt=\"\" srcset=\"https:\/\/gymnasium-rheindahlen.de\/wp-content\/uploads\/2022\/09\/eliteschulen-des-fussballs_4c-1024x346.jpg 1024w, https:\/\/gymnasium-rheindahlen.de\/wp-content\/uploads\/2022\/09\/eliteschulen-des-fussballs_4c-300x101.jpg 300w, https:\/\/gymnasium-rheindahlen.de\/wp-content\/uploads\/2022\/09\/eliteschulen-des-fussballs_4c-768x260.jpg 768w, https:\/\/gymnasium-rheindahlen.de\/wp-content\/uploads\/2022\/09\/eliteschulen-des-fussballs_4c.jpg 1082w\" sizes=\"auto, (max-width: 1024px) 100vw, 1024px\" \/><\/figure>\r\n<\/div>\r\n\r\n\r\n\r\n<p>Seit dem 15. M\u00e4rz 2013 ist das Gymnasium Rheindahlen offiziell einer von drei schulischen Partnern von Borussia M\u00f6nchengladbach im Rahmen des DFB-Programms \u201eEliteschule des Fu\u00dfballs\u201c. Die Realisierung der sportlichen F\u00f6rderung der Talente wird in M\u00f6nchengladbach \u00fcber das vereinseigene NLZ von Borussia abgedeckt. Hier sind sowohl organisatorisch wie auch r\u00e4umlich optimale Strukturen vorhanden, um die fu\u00dfballerische Ausbildung der Talente zu optimieren.<\/p>\r\n\r\n\r\n\r\n<p>Auf der schulischen Seite bot sich, neben der Gesamtschule Hardt und dem Berufskolleg Volksgartenstra\u00dfe, vor allem das Gymnasium Rheindahlen als verl\u00e4sslicher Kooperationspartner an, da das Gymnasium bereits \u201ePartnerschule des Leistungssports\u201c war und seit dem Schuljahr 2010\/11 Sport als viertes Abiturfach integriert.&nbsp;<\/p>\r\n\r\n\r\n\r\n<p>Junge Nachwuchsspieler werden im Rahmen des Projektes \u201eEliteschule des Fu\u00dfballs\u201c f\u00fcr w\u00f6chentlich zwei Trainingseinheiten im Vormittag vom Unterricht freigestellt, wobei die Stundenpl\u00e4ne der Spieler im Idealfall Freistunden f\u00fcr die Trainingszeiten vorsehen. Eventuell verpasster Unterrichtsstoff kann zeitnah im Sportteilinternat oder direkt an der Schule durch Lehrkr\u00e4fte des Gymnasiums Rheindahlen nachbereitet werden, so dass den Spielern keine schulischen Nachteile entstehen sollten.<\/p>\r\n","protected":false},"excerpt":{"rendered":"<p>Seit dem 15. M\u00e4rz 2013 ist das Gymnasium Rheindahlen offiziell einer von drei schulischen Partnern von Borussia M\u00f6nchengladbach im Rahmen [&hellip;]<\/p>\n","protected":false},"author":1,"featured_media":0,"parent":0,"menu_order":0,"comment_status":"closed","ping_status":"closed","template":"","meta":{"ngg_post_thumbnail":0,"footnotes":""},"class_list":["post-516","page","type-page","status-publish","hentry"],"featured_image_src":null,"_links":{"self":[{"href":"https:\/\/gymnasium-rheindahlen.de\/index.php\/wp-json\/wp\/v2\/pages\/516","targetHints":{"allow":["GET"]}}],"collection":[{"href":"https:\/\/gymnasium-rheindahlen.de\/index.php\/wp-json\/wp\/v2\/pages"}],"about":[{"href":"https:\/\/gymnasium-rheindahlen.de\/index.php\/wp-json\/wp\/v2\/types\/page"}],"author":[{"embeddable":true,"href":"https:\/\/gymnasium-rheindahlen.de\/index.php\/wp-json\/wp\/v2\/users\/1"}],"replies":[{"embeddable":true,"href":"https:\/\/gymnasium-rheindahlen.de\/index.php\/wp-json\/wp\/v2\/comments?post=516"}],"version-history":[{"count":5,"href":"https:\/\/gymnasium-rheindahlen.de\/index.php\/wp-json\/wp\/v2\/pages\/516\/revisions"}],"predecessor-version":[{"id":2247,"href":"https:\/\/gymnasium-rheindahlen.de\/index.php\/wp-json\/wp\/v2\/pages\/516\/revisions\/2247"}],"wp:attachment":[{"href":"https:\/\/gymnasium-rheindahlen.de\/index.php\/wp-json\/wp\/v2\/media?parent=516"}],"curies":[{"name":"wp","href":"https:\/\/api.w.org\/{rel}","templated":true}]}}