{"id":514,"date":"2022-09-16T13:10:45","date_gmt":"2022-09-16T11:10:45","guid":{"rendered":"https:\/\/gymnasium-rheindahlen.de\/?page_id=514"},"modified":"2022-09-16T13:10:45","modified_gmt":"2022-09-16T11:10:45","slug":"bibliothek","status":"publish","type":"page","link":"https:\/\/gymnasium-rheindahlen.de\/index.php\/bibliothek\/","title":{"rendered":"Bibliothek"},"content":{"rendered":"\n<p>Unsere Schule hat das gro\u00dfe Gl\u00fcck, dass sie eine \u00f6ffentliche Bibliothek im Schulgeb\u00e4ude hat, die&nbsp;<strong>Stadtteilbibliothek Rheindahlen<\/strong>. Hier stehen neben aktuellen B\u00e4nden der Kinder- und Jugendliteratur viele Klassiker und auch alle Bestseller auf dem Gebiet der Erwachsenenliteratur &#8211; seien es literarische Werke oder Sachtexte. Die Bibliothek geh\u00f6rt zur Stadtbibliothek M\u00f6nchengladbach, das hei\u00dft alles, was in Rheydt bzw. M\u00f6nchengladbach auszuleihen ist, kann auch hier entliehen werden. Zudem k\u00f6nnen dort ausgeliehene B\u00fccher und Medien hier in Rheindahlen wieder abgegeben werden.<br>Besonders interessant auch vor dem Hintergrund selbstst\u00e4ndigen Lernens ist die umfangreiche Sammlung an Lernhilfen: Arbeitshefte, \u00dcbungsb\u00fccher und sonstiges \u00dcbungsmaterial, was zusammen mit den Lehrerinnen und Lehrern des Gymnasiums Rheindahlen beschafft wird und so auf die Lehrpl\u00e4ne der Schule abgestimmte \u00dcbungsm\u00f6glichkeiten bietet.<br>Das Angebot der Bibliothek umfasst eine Mediothek, in der man unter anderem DVDs, Musik-CDs und Computerspiele ausleihen kann.<br>Regelm\u00e4\u00dfig finden in der Bibliothek Projekte unserer Klassen zur Lesef\u00f6rderung und sonstige Vorhaben statt. Sch\u00fclerarbeitspl\u00e4tze stehen ebenso zur Verf\u00fcgung.<\/p>\n\n\n\n<p>Ein Besuch auf der\u00a0<a href=\"https:\/\/www.moenchengladbach.de\/de\/leben-in-mg\/stadtbibliothek\/\">Homepage der Stadtbibliothek<\/a>\u00a0lohnt sich in jedem Fall.<\/p>\n\n\n\n<p><\/p>\n","protected":false},"excerpt":{"rendered":"<p>Unsere Schule hat das gro\u00dfe Gl\u00fcck, dass sie eine \u00f6ffentliche Bibliothek im Schulgeb\u00e4ude hat, die&nbsp;Stadtteilbibliothek Rheindahlen. Hier stehen neben aktuellen [&hellip;]<\/p>\n","protected":false},"author":1,"featured_media":0,"parent":0,"menu_order":0,"comment_status":"closed","ping_status":"closed","template":"","meta":{"ngg_post_thumbnail":0,"footnotes":""},"class_list":["post-514","page","type-page","status-publish","hentry"],"featured_image_src":null,"_links":{"self":[{"href":"https:\/\/gymnasium-rheindahlen.de\/index.php\/wp-json\/wp\/v2\/pages\/514","targetHints":{"allow":["GET"]}}],"collection":[{"href":"https:\/\/gymnasium-rheindahlen.de\/index.php\/wp-json\/wp\/v2\/pages"}],"about":[{"href":"https:\/\/gymnasium-rheindahlen.de\/index.php\/wp-json\/wp\/v2\/types\/page"}],"author":[{"embeddable":true,"href":"https:\/\/gymnasium-rheindahlen.de\/index.php\/wp-json\/wp\/v2\/users\/1"}],"replies":[{"embeddable":true,"href":"https:\/\/gymnasium-rheindahlen.de\/index.php\/wp-json\/wp\/v2\/comments?post=514"}],"version-history":[{"count":1,"href":"https:\/\/gymnasium-rheindahlen.de\/index.php\/wp-json\/wp\/v2\/pages\/514\/revisions"}],"predecessor-version":[{"id":515,"href":"https:\/\/gymnasium-rheindahlen.de\/index.php\/wp-json\/wp\/v2\/pages\/514\/revisions\/515"}],"wp:attachment":[{"href":"https:\/\/gymnasium-rheindahlen.de\/index.php\/wp-json\/wp\/v2\/media?parent=514"}],"curies":[{"name":"wp","href":"https:\/\/api.w.org\/{rel}","templated":true}]}}