{"id":501,"date":"2022-09-16T13:00:55","date_gmt":"2022-09-16T11:00:55","guid":{"rendered":"https:\/\/gymnasium-rheindahlen.de\/?page_id=501"},"modified":"2022-09-16T13:00:55","modified_gmt":"2022-09-16T11:00:55","slug":"oberstufe","status":"publish","type":"page","link":"https:\/\/gymnasium-rheindahlen.de\/index.php\/oberstufe\/","title":{"rendered":"Oberstufe"},"content":{"rendered":"\n<p>Zur individuellen Beratung unserer Sch\u00fclerinnen und Sch\u00fcler betreut ein Team von Kolleginnen und Kollegen die Jahrg\u00e4nge in der Oberstufe. Neben unserem Oberstufenkoordinator, Herrn Daniels, hat jede Jahrgangsstufe mindestens einen weiteren Ansprechpartner, wenn es um Fragen der Schullaufbahn geht:<\/p>\n\n\n\n<p>Oberstufenkoordination: Herr Daniels<\/p>\n\n\n\n<p>Jahrgangsstufenleitung Q2: Herr Berger<\/p>\n\n\n\n<p>Jahrgangsstufenleitung Q1: Frau Brefort \/ Herr Brendel<\/p>\n\n\n\n<p>Jahrgangsstufenleitung EF: Frau Winter \/ Frau Wodka<\/p>\n\n\n\n<p>Jahrgangsstufenleitung k\u00fcnftige EF (Schuljahr 2023\/24):&nbsp; NN<\/p>\n\n\n\n<p><strong>Informationsveranstaltungen:<\/strong><\/p>\n\n\n\n<p>Im Laufe der Oberstufe gibt es regelm\u00e4\u00dfig Informationsveranstaltungen zur Gestaltung der Schullaufbahn f\u00fcr die Sch\u00fclerinnen und Sch\u00fcler. Dar\u00fcber hinaus gibt es in der Regel zwei Informationsabende f\u00fcr die Eltern und Erziehungsberechtigten der 9. Klassen sowie der EF, \u00fcber deren Terminierung Sie informiert werden.<\/p>\n\n\n\n<p><strong>Weiterf\u00fchrende Links<\/strong><\/p>\n\n\n\n<p>Hier k\u00f6nnen Sie Informationsbrosch\u00fcre des Schulministeriums zur gymnasialen Oberstufe &nbsp;<a href=\"https:\/\/broschuerenservice.nrw.de\/files\/3\/3\/339e5d1d0a2ef2764ab15783f2772aac.pdf\">herunterladen<\/a>. Eine lesefreundliche Online-Version f\u00fcr Smartphone oder Tablet finden Sie <a href=\"https:\/\/xn--broschren-v9a.nrw\/gymnasiale-oberstufe\/home\/#!\/Home\">hier<\/a>.<\/p>\n\n\n\n<p>Die offizielle Ausbildungs-und Pr\u00fcfungsordnung Gymnasiale Oberstufe finden Sie <a href=\"https:\/\/bass.schul-welt.de\/9607.htm\">hier<\/a>.<\/p>\n\n\n\n<p>Weitere Fragen zum Zentralabitur beantwortet <a href=\"https:\/\/www.standardsicherung.schulministerium.nrw.de\/cms\/zentralabitur-gost\/fragen-und-antworten\/\">diese Seite<\/a> des Schulministeriums.<\/p>\n\n\n\n<p>Zum&nbsp;<a href=\"https:\/\/www.abitur-und-studium.de\/Abirechner-Nordrhein-Westfalen-NRW.aspx\">Abiturrechner<\/a><\/p>\n\n\n\n<p>Zum&nbsp;<a href=\"https:\/\/www.abitur-und-studium.de\/Studienwahltest.aspx\">Studienwahltest<\/a><\/p>\n","protected":false},"excerpt":{"rendered":"<p>Zur individuellen Beratung unserer Sch\u00fclerinnen und Sch\u00fcler betreut ein Team von Kolleginnen und Kollegen die Jahrg\u00e4nge in der Oberstufe. Neben [&hellip;]<\/p>\n","protected":false},"author":1,"featured_media":0,"parent":0,"menu_order":0,"comment_status":"closed","ping_status":"closed","template":"","meta":{"ngg_post_thumbnail":0,"footnotes":""},"class_list":["post-501","page","type-page","status-publish","hentry"],"featured_image_src":null,"_links":{"self":[{"href":"https:\/\/gymnasium-rheindahlen.de\/index.php\/wp-json\/wp\/v2\/pages\/501","targetHints":{"allow":["GET"]}}],"collection":[{"href":"https:\/\/gymnasium-rheindahlen.de\/index.php\/wp-json\/wp\/v2\/pages"}],"about":[{"href":"https:\/\/gymnasium-rheindahlen.de\/index.php\/wp-json\/wp\/v2\/types\/page"}],"author":[{"embeddable":true,"href":"https:\/\/gymnasium-rheindahlen.de\/index.php\/wp-json\/wp\/v2\/users\/1"}],"replies":[{"embeddable":true,"href":"https:\/\/gymnasium-rheindahlen.de\/index.php\/wp-json\/wp\/v2\/comments?post=501"}],"version-history":[{"count":1,"href":"https:\/\/gymnasium-rheindahlen.de\/index.php\/wp-json\/wp\/v2\/pages\/501\/revisions"}],"predecessor-version":[{"id":502,"href":"https:\/\/gymnasium-rheindahlen.de\/index.php\/wp-json\/wp\/v2\/pages\/501\/revisions\/502"}],"wp:attachment":[{"href":"https:\/\/gymnasium-rheindahlen.de\/index.php\/wp-json\/wp\/v2\/media?parent=501"}],"curies":[{"name":"wp","href":"https:\/\/api.w.org\/{rel}","templated":true}]}}