{"id":4979,"date":"2026-04-27T12:33:29","date_gmt":"2026-04-27T10:33:29","guid":{"rendered":"https:\/\/gymnasium-rheindahlen.de\/?page_id=4979"},"modified":"2026-04-27T12:42:11","modified_gmt":"2026-04-27T10:42:11","slug":"sport-als-differenzierungsfach-9","status":"publish","type":"page","link":"https:\/\/gymnasium-rheindahlen.de\/index.php\/sport-als-differenzierungsfach-9\/","title":{"rendered":"Sport als Differenzierungsfach 9"},"content":{"rendered":"<p>Das WPII-Fach \u201eSport\u201c (f\u00fcr Klasse 9 und 10) erweitert unser Portfolio als Sportschule.<\/p>\n<p>Die Themen sollen dabei nicht rein sportpraktischer Natur sein. Vielmehr geht es darum, den Sch\u00fclerinnen und Sch\u00fcler einen ersten Zugang zu sporttheoretischen Inhalten zu erm\u00f6glichen, die aber auch auf praktischer Ebene Anwendung finden. Dabei stehen oft (sport-)biologische Aspekte im Vordergrund, die einen deutlichen Lebensweltbezug und eine hohe Relevanz f\u00fcr eine gesunde Lebensf\u00fchrung haben, z.B. Trainingslehre, gesunde Ern\u00e4hrung, K\u00f6rperbildung, Gesundheit und Krankheit. Dementsprechend stellt das Inhaltsfeld f (\u201eGesundheit\u201c), das im regul\u00e4ren Sportunterricht oft im Hintergrund steht und auch dar\u00fcber hinaus in keinem anderen Fach thematisch vertieft behandelt wird, f\u00fcr diesen Kurs das leitende Inhaltsfeld dar.<\/p>\n<p>Dar\u00fcber hinaus kann das WPII-Fach \u201eSport\u201c eine \u201eL\u00fccke\u201c in unserer sportlichen Konzeption \u201ef\u00fcllen\u201c: In den Jahrgangsstufen 5-7 erhalten sportaffine Sch\u00fclerinnen und Sch\u00fcler durch das System \u201eNRW-Sportschule\u201c eine umfassende sportliche F\u00f6rderung (durchschnittlich 5 Wochenstunden Sportunterricht + halbj\u00e4hrlich wechselnde Trainingseinheiten durch unsere Partnervereine), w\u00e4hrend in der Oberstufe die M\u00f6glichkeit besteht, Sport als 4. Abiturfach zu w\u00e4hlen, was im Raum M\u00f6nchengladbach nach wie vor selten ist. In der Mittelstufe besteht f\u00fcr unsere Sporttalente, die noch in der Sportf\u00f6rderung verbleiben, hingegen \u201enur\u201c die M\u00f6glichkeit, f\u00fcr Fr\u00fchtrainingseinheiten freigestellt zu werden, deren Durchf\u00fchrung aber vollst\u00e4ndig in Verantwortung der Partnervereine liegt.&nbsp;<\/p>\n<p>F\u00fcr alle &#8222;Sport-Cracks&#8220; soll das WPII-Fach \u201eSportwissenschaften\u201c also eine M\u00f6glichkeit schaffen, ihre sportlichen Interessen und St\u00e4rken gezielt weiterverfolgen und ausbauen zu k\u00f6nnen. Gerade im \u00dcbergang zur Oberstufe (und dem Sportabitur) k\u00f6nnen so fr\u00fchzeitig wichtige theoretische Grundlagen vermittelt werden, die die Sch\u00fclerinnen und Sch\u00fclern in ihrer weiteren sportlichen Vita f\u00fcr eine ehrenamtliche oder sogar berufliche T\u00e4tigkeit im Sport nutzen k\u00f6nnen. Hier stellt das WPII-Fach \u201eSportwissenschaften\u201c auch eine sinnvolle Erg\u00e4nzung zur DFB-Junior-Coach-Ausbildung und dem geplanten \u00dcbungsleiter C-Lizenz-Lehrgang (\u201eNRW-Sportschule\u201c) dar.<\/p>\n","protected":false},"excerpt":{"rendered":"<p>Das WPII-Fach \u201eSport\u201c (f\u00fcr Klasse 9 und 10) erweitert unser Portfolio als Sportschule. Die Themen sollen dabei nicht rein sportpraktischer [&hellip;]<\/p>\n","protected":false},"author":1,"featured_media":0,"parent":0,"menu_order":0,"comment_status":"closed","ping_status":"closed","template":"","meta":{"ngg_post_thumbnail":0,"footnotes":""},"class_list":["post-4979","page","type-page","status-publish","hentry"],"featured_image_src":null,"_links":{"self":[{"href":"https:\/\/gymnasium-rheindahlen.de\/index.php\/wp-json\/wp\/v2\/pages\/4979","targetHints":{"allow":["GET"]}}],"collection":[{"href":"https:\/\/gymnasium-rheindahlen.de\/index.php\/wp-json\/wp\/v2\/pages"}],"about":[{"href":"https:\/\/gymnasium-rheindahlen.de\/index.php\/wp-json\/wp\/v2\/types\/page"}],"author":[{"embeddable":true,"href":"https:\/\/gymnasium-rheindahlen.de\/index.php\/wp-json\/wp\/v2\/users\/1"}],"replies":[{"embeddable":true,"href":"https:\/\/gymnasium-rheindahlen.de\/index.php\/wp-json\/wp\/v2\/comments?post=4979"}],"version-history":[{"count":3,"href":"https:\/\/gymnasium-rheindahlen.de\/index.php\/wp-json\/wp\/v2\/pages\/4979\/revisions"}],"predecessor-version":[{"id":4987,"href":"https:\/\/gymnasium-rheindahlen.de\/index.php\/wp-json\/wp\/v2\/pages\/4979\/revisions\/4987"}],"wp:attachment":[{"href":"https:\/\/gymnasium-rheindahlen.de\/index.php\/wp-json\/wp\/v2\/media?parent=4979"}],"curies":[{"name":"wp","href":"https:\/\/api.w.org\/{rel}","templated":true}]}}