{"id":464,"date":"2022-09-16T12:23:38","date_gmt":"2022-09-16T10:23:38","guid":{"rendered":"https:\/\/gymnasium-rheindahlen.de\/?page_id=464"},"modified":"2024-12-16T21:54:07","modified_gmt":"2024-12-16T20:54:07","slug":"streicherklasse","status":"publish","type":"page","link":"https:\/\/gymnasium-rheindahlen.de\/index.php\/streicherklasse\/","title":{"rendered":"Streicherklasse"},"content":{"rendered":"<p>Die Musiker am Gymnasium Rheindahlen bieten <strong>ab dem zweiten Halbjahr der 5. Jahrgangsstufe an, Streichinstrumente zu verleihen und diese im Rahmen eines \u201ebesonderen\u201c Musikunterrichts zu unterrichten.<\/strong><\/p>\n<p>Dieses Konzept nennt sich \u201e<strong>Streicherklasse<\/strong>\u201c und ist \u2013 so wie die Bl\u00e4ser- und Sing-Klassen \u2013 ein bew\u00e4hrtes Gruppenunterrichtskonzept. Dieser Streicherklassen-Unterricht findet <strong>w\u00e4hrend der Zeit des regul\u00e4ren Musikunterrichtes<\/strong> statt. Es wirken dabei drei Musiklehrer gleichzeitig, zurzeit zwei Instrumentallehrerinnen, Frau Neelsen-Schaffer (Celli) und Frau Gal (Violen und Violinen), und der schulische Musiklehrer (Christoph G\u00fcnschmann).<\/p>\n<p>Zur Praxis:<\/p>\n<ul>\n<li>Die Summe aus Leih-, bzw. Wartungskosten und Unterrichtsbeitr\u00e4gen f\u00fcr die Instrumentallehrerinnen wird bei 30,- Euro \/ Monat liegen. Daf\u00fcr gibt es pro Woche zwei Mal eine \u00be-Stunde lang Violinunterricht in der Gruppe \u2013 ein sehr faires Angebot, wie wir meinen. Die Streicherklasse wird 2 Jahre lang auf diese Weise stattfinden.<\/li>\n<li>Von Anfang an k\u00f6nnen (und sollen) unsere Streicherklassen ihr Instrument selbst\u00e4ndig pflegen und nat\u00fcrlich nachhause nehmen.<\/li>\n<li>Der \u00dcbe-Aufwand h\u00e4lt sich in Grenzen: Erfahrungsgem\u00e4\u00df sollten 10-15 Minuten \u00dcbezeit\/ Tag eingeplant werden. Extra-Unterrichtszeiten gibt es nicht: Die SK findet ja zu den Unterrichtszeiten des \u201enormalen\u201c Musikunterrichtes statt.<\/li>\n<li>Im Unterricht werden nicht nur die Streichinstrumente gespielt, es wird auch gesungen, geklatscht, es werden vielfaltige Rhythmus- und Bewegungstrainings absolviert, damit entspannt und mit guter Instrumentaltechnik klangvoll musiziert werden kann.<\/li>\n<\/ul>\n<p>Die aktuelle Einladung finden Sie <a href=\"https:\/\/gymnasium-rheindahlen.de\/wp-content\/uploads\/2024\/12\/Einladung-Streicherklassen-neu-2024.pdf\">hier<\/a>, den aktuellen Anmeldebogen <a href=\"https:\/\/gymnasium-rheindahlen.de\/wp-content\/uploads\/2024\/12\/Streicherklasse-Anmeldebogen-neu-2024.pdf\">hier<\/a>,&nbsp;<\/p>\n<p><a href=\"https:\/\/gymnasium-rheindahlen.de\/wp-content\/uploads\/2023\/12\/Streicherklasse.jpg\"><img loading=\"lazy\" decoding=\"async\" class=\"alignnone wp-image-2362 size-full\" src=\"https:\/\/gymnasium-rheindahlen.de\/wp-content\/uploads\/2023\/12\/Streicherklasse.jpg\" alt=\"\" width=\"800\" height=\"600\" srcset=\"https:\/\/gymnasium-rheindahlen.de\/wp-content\/uploads\/2023\/12\/Streicherklasse.jpg 800w, https:\/\/gymnasium-rheindahlen.de\/wp-content\/uploads\/2023\/12\/Streicherklasse-300x225.jpg 300w, https:\/\/gymnasium-rheindahlen.de\/wp-content\/uploads\/2023\/12\/Streicherklasse-768x576.jpg 768w, https:\/\/gymnasium-rheindahlen.de\/wp-content\/uploads\/2023\/12\/Streicherklasse-600x450.jpg 600w\" sizes=\"auto, (max-width: 800px) 100vw, 800px\" \/><\/a><\/p>\n","protected":false},"excerpt":{"rendered":"<p>Die Musiker am Gymnasium Rheindahlen bieten ab dem zweiten Halbjahr der 5. Jahrgangsstufe an, Streichinstrumente zu verleihen und diese im [&hellip;]<\/p>\n","protected":false},"author":1,"featured_media":0,"parent":0,"menu_order":0,"comment_status":"closed","ping_status":"closed","template":"","meta":{"ngg_post_thumbnail":0,"footnotes":""},"class_list":["post-464","page","type-page","status-publish","hentry"],"featured_image_src":null,"_links":{"self":[{"href":"https:\/\/gymnasium-rheindahlen.de\/index.php\/wp-json\/wp\/v2\/pages\/464","targetHints":{"allow":["GET"]}}],"collection":[{"href":"https:\/\/gymnasium-rheindahlen.de\/index.php\/wp-json\/wp\/v2\/pages"}],"about":[{"href":"https:\/\/gymnasium-rheindahlen.de\/index.php\/wp-json\/wp\/v2\/types\/page"}],"author":[{"embeddable":true,"href":"https:\/\/gymnasium-rheindahlen.de\/index.php\/wp-json\/wp\/v2\/users\/1"}],"replies":[{"embeddable":true,"href":"https:\/\/gymnasium-rheindahlen.de\/index.php\/wp-json\/wp\/v2\/comments?post=464"}],"version-history":[{"count":7,"href":"https:\/\/gymnasium-rheindahlen.de\/index.php\/wp-json\/wp\/v2\/pages\/464\/revisions"}],"predecessor-version":[{"id":3406,"href":"https:\/\/gymnasium-rheindahlen.de\/index.php\/wp-json\/wp\/v2\/pages\/464\/revisions\/3406"}],"wp:attachment":[{"href":"https:\/\/gymnasium-rheindahlen.de\/index.php\/wp-json\/wp\/v2\/media?parent=464"}],"curies":[{"name":"wp","href":"https:\/\/api.w.org\/{rel}","templated":true}]}}