{"id":462,"date":"2022-09-16T12:19:54","date_gmt":"2022-09-16T10:19:54","guid":{"rendered":"https:\/\/gymnasium-rheindahlen.de\/?page_id=462"},"modified":"2023-02-16T15:56:10","modified_gmt":"2023-02-16T14:56:10","slug":"staatlicher-edv-fuehrerschein-nrw","status":"publish","type":"page","link":"https:\/\/gymnasium-rheindahlen.de\/index.php\/staatlicher-edv-fuehrerschein-nrw\/","title":{"rendered":"Staatlicher EDV-F\u00fchrerschein NRW"},"content":{"rendered":"\r\n<p>Wir qualifizieren f\u00fcr die Zukunft!<\/p>\r\n<p>Unsere Schule hat sich erfolgreich als Pr\u00fcfungsinstitution f\u00fcr den Staatlichen EDV-F\u00fchrerschein NRW qualifiziert.<\/p>\r\n<p>Der Staatliche EDV-F\u00fchrerschein NRW ist ein staatlich anerkanntes Zertifikat, welches einen bestimmten Ausbildungsstandard in der IT-Grundbildung nachweist. Er hat eine entsprechende staatliche Pr\u00fcfungsordnung und kann in den Bildungsg\u00e4ngen der Berufskollegs und anderen staatlichen Bildungseinrichtungen angerechnet werden. Ziel ist die Vermittlung und Zertifizierung von breit gef\u00e4cherten informationstechnischen Grundkenntnissen, um z. B. im Bewerbungsverfahren entsprechende Kenntnisse nachweisen zu k\u00f6nnen.<\/p>\r\n<p><strong>Die Module des Computerf\u00fchrerscheins:<\/strong><br>1. Hardware<br>2. Betriebssysteme und Software<br>3. Textverarbeitung<br>4. Tabellenkalkulation<br>5. Datenbanken<br>6. Pr\u00e4sentation<br>7. Informations- und Kommunikationsnetze<br>8. Datenschutz und Datensicherheit<\/p>\r\n<p><strong>Pr\u00fcfungen:<\/strong><br>Der staatliche EDV-F\u00fchrerschein NRW verlangt f\u00fcr jedes Modul eine theoretische Pr\u00fcfung und zudem eine qualifizierte eigenst\u00e4ndige praktische Pr\u00fcfung. Alle Pr\u00fcfungsteile sind kostenlos.<\/p>\r\n<p><strong>Theorie-Pr\u00fcfung:<\/strong> erfolgt als Multiple-Choice-Test unter Aufsicht der Lehrkraft; <br>Dauer: 30 Minuten<\/p>\r\n<p><strong>Praktische Pr\u00fcfung:<\/strong> erfolgt unter Aufsicht der Lehrkraft;<br>Dauer: ca. 30 \u2013 60 Minuten<\/p>\r\n<p><strong>Zertifikate:<\/strong><br>Pro Modul wird bei bestandener Theorie- und Praxis-Pr\u00fcfung jeweils ein Modulzertifikat ausgestellt. Erst nach dem Bestehen aller acht Einzelmodule wird mit dem Gesamtzertifikat der Erwerb des \u201eStaatlichen EDV-F\u00fchrerscheins NRW\u201c best\u00e4tigt.<\/p>\r\n<p><strong>Ansprechpartnerin:<\/strong><br>Frau Kremer<\/p>\r\n","protected":false},"excerpt":{"rendered":"<p>Wir qualifizieren f\u00fcr die Zukunft! Unsere Schule hat sich erfolgreich als Pr\u00fcfungsinstitution f\u00fcr den Staatlichen EDV-F\u00fchrerschein NRW qualifiziert. Der Staatliche [&hellip;]<\/p>\n","protected":false},"author":1,"featured_media":0,"parent":0,"menu_order":0,"comment_status":"closed","ping_status":"closed","template":"","meta":{"ngg_post_thumbnail":0,"footnotes":""},"class_list":["post-462","page","type-page","status-publish","hentry"],"featured_image_src":null,"_links":{"self":[{"href":"https:\/\/gymnasium-rheindahlen.de\/index.php\/wp-json\/wp\/v2\/pages\/462","targetHints":{"allow":["GET"]}}],"collection":[{"href":"https:\/\/gymnasium-rheindahlen.de\/index.php\/wp-json\/wp\/v2\/pages"}],"about":[{"href":"https:\/\/gymnasium-rheindahlen.de\/index.php\/wp-json\/wp\/v2\/types\/page"}],"author":[{"embeddable":true,"href":"https:\/\/gymnasium-rheindahlen.de\/index.php\/wp-json\/wp\/v2\/users\/1"}],"replies":[{"embeddable":true,"href":"https:\/\/gymnasium-rheindahlen.de\/index.php\/wp-json\/wp\/v2\/comments?post=462"}],"version-history":[{"count":6,"href":"https:\/\/gymnasium-rheindahlen.de\/index.php\/wp-json\/wp\/v2\/pages\/462\/revisions"}],"predecessor-version":[{"id":1531,"href":"https:\/\/gymnasium-rheindahlen.de\/index.php\/wp-json\/wp\/v2\/pages\/462\/revisions\/1531"}],"wp:attachment":[{"href":"https:\/\/gymnasium-rheindahlen.de\/index.php\/wp-json\/wp\/v2\/media?parent=462"}],"curies":[{"name":"wp","href":"https:\/\/api.w.org\/{rel}","templated":true}]}}