{"id":460,"date":"2022-09-16T12:17:54","date_gmt":"2022-09-16T10:17:54","guid":{"rendered":"https:\/\/gymnasium-rheindahlen.de\/?page_id=460"},"modified":"2025-10-07T09:10:41","modified_gmt":"2025-10-07T07:10:41","slug":"sportmotorischer-test","status":"publish","type":"page","link":"https:\/\/gymnasium-rheindahlen.de\/index.php\/sportmotorischer-test\/","title":{"rendered":"Sportmotorischer Test"},"content":{"rendered":"\r\n<p>Der sportmotorische Test f\u00fcr die F\u00fcnftkl\u00e4sslerInnen des Schuljahres 2026\/2027 wird am 02. Dezember 2025 ab 14 Uhr in unserer Sporthalle stattfinden.<\/p>\r\n<p>Die erfolgreiche Teilnahme am sportmotorischen Test ist Voraussetzung f\u00fcr die Aufnahme in die Sportf\u00f6rderung. Interessierte Viertkl\u00e4sslerInnen k\u00f6nnen den Test auch an einer anderen NRW-Sportschule ablegen, die Testergebnisse werden gegenseitig anerkannt.<\/p>\r\n\r\n\r\n\r\n<p>Der Test dauert ca. 2 Stunden. Eine Teilnahme am sportmotorischen Test ist nur nach vorheriger Anmeldung im Sekretariat unserer Schule m\u00f6glich (ausschlie\u00dflich <strong>per Mail<\/strong> an sekretariat@Gymnasium-Rheindahlen.de oder verwaltung@Gymnasium-Rheindahlen.de). Die Terminbest\u00e4tigung f\u00fcr den Test erfolgt dann wenige Tage vor der Durchf\u00fchrung.<\/p>\r\n\r\n\r\n\r\n<p>Weiterf\u00fchrende Informationen finden Sie hier: <a href=\"https:\/\/gymnasium-rheindahlen.de\/index.php\/schwerpunkt-sport\/\">Schwerpunkt Sport<\/a>.<\/p>\r\n","protected":false},"excerpt":{"rendered":"<p>Der sportmotorische Test f\u00fcr die F\u00fcnftkl\u00e4sslerInnen des Schuljahres 2026\/2027 wird am 02. Dezember 2025 ab 14 Uhr in unserer Sporthalle [&hellip;]<\/p>\n","protected":false},"author":1,"featured_media":0,"parent":0,"menu_order":0,"comment_status":"closed","ping_status":"closed","template":"","meta":{"ngg_post_thumbnail":0,"footnotes":""},"class_list":["post-460","page","type-page","status-publish","hentry"],"featured_image_src":null,"_links":{"self":[{"href":"https:\/\/gymnasium-rheindahlen.de\/index.php\/wp-json\/wp\/v2\/pages\/460","targetHints":{"allow":["GET"]}}],"collection":[{"href":"https:\/\/gymnasium-rheindahlen.de\/index.php\/wp-json\/wp\/v2\/pages"}],"about":[{"href":"https:\/\/gymnasium-rheindahlen.de\/index.php\/wp-json\/wp\/v2\/types\/page"}],"author":[{"embeddable":true,"href":"https:\/\/gymnasium-rheindahlen.de\/index.php\/wp-json\/wp\/v2\/users\/1"}],"replies":[{"embeddable":true,"href":"https:\/\/gymnasium-rheindahlen.de\/index.php\/wp-json\/wp\/v2\/comments?post=460"}],"version-history":[{"count":11,"href":"https:\/\/gymnasium-rheindahlen.de\/index.php\/wp-json\/wp\/v2\/pages\/460\/revisions"}],"predecessor-version":[{"id":4036,"href":"https:\/\/gymnasium-rheindahlen.de\/index.php\/wp-json\/wp\/v2\/pages\/460\/revisions\/4036"}],"wp:attachment":[{"href":"https:\/\/gymnasium-rheindahlen.de\/index.php\/wp-json\/wp\/v2\/media?parent=460"}],"curies":[{"name":"wp","href":"https:\/\/api.w.org\/{rel}","templated":true}]}}