{"id":456,"date":"2022-09-16T12:15:54","date_gmt":"2022-09-16T10:15:54","guid":{"rendered":"https:\/\/gymnasium-rheindahlen.de\/?page_id=456"},"modified":"2026-04-27T12:37:58","modified_gmt":"2026-04-27T10:37:58","slug":"sport-am-gymnasium-rheindahlen","status":"publish","type":"page","link":"https:\/\/gymnasium-rheindahlen.de\/index.php\/sport-am-gymnasium-rheindahlen\/","title":{"rendered":"Sport am Gymnasium Rheindahlen"},"content":{"rendered":"\r\n<p>Sport am Gymnasium Rheindahlen bedeutet nicht nur Elitef\u00f6rderung \u00fcber die Systeme \u201e<strong>NRW Sportschule<\/strong>\u201c und \u201e<strong>Eliteschule des Fu\u00dfballs<\/strong>\u201c und in diesem Zusammenhang die Kooperation mit den entsprechenden Partnervereinen und dem <strong>Sport-Teilinternat<\/strong> MG \u2013 der Sport pr\u00e4gt auf vielf\u00e4ltige Art und Weise das Profil des Gymnasiums Rheindahlen.<\/p>\r\n\r\n\r\n\r\n<p>So verf\u00fcgt das Gymnasium Rheindahlen als eine von nur wenigen Schulen in M\u00f6nchengladbach \u00fcber die Genehmigung, <strong>Sport als 4. Abiturfach<\/strong> zu unterrichten. Bereits in der <strong>9. Klasse<\/strong> besteht die M\u00f6glichkeit, einen speziellen Sportkurs als <strong>Wahlpflichtfach<\/strong> zu belegen.<\/p>\r\n\r\n\r\n\r\n<p>Neben den im <strong>Sportunterricht<\/strong> vermittelten Inhalten bietet der <strong>AG-Bereich<\/strong> den Sch\u00fclerInnen die M\u00f6glichkeit, Schwerpunkte zu setzen oder zus\u00e4tzliche Sportarten zu erlernen. Einen Fu\u00dfball-Trainerschein k\u00f6nnen Sch\u00fclerInnen der Oberstufe im Rahmen des mehrt\u00e4gigen <strong>DFB-Junior-Coach-Lehrgangs<\/strong> erwerben. Durch die Teilnahme an unterschiedlichen Wettbewerben im Rahmen von \u201e<strong>Jugend trainiert f\u00fcr Olympia<\/strong>\u201c, dem \u201eLandessportfest der Schulen\u201c, werden leistungsstarke Sch\u00fclerInnen in besonderem Ma\u00dfe gef\u00f6rdert. Mit der Ausrichtung von Schulsportfesten, vor allem dem <strong>Spielsportfest<\/strong> und dem <strong>H\u00f6tter Cup<\/strong>, einem schulinternen Fu\u00dfballturnier unter Beteiligung von Lehrkr\u00e4ften und Sch\u00fclerInnen der Oberstufe, gestaltet das Fach Sport in besonderem Ma\u00dfe das kulturelle Leben am Gymnasium Rheindahlen.<\/p>\r\n\r\n\r\n\r\n<p>Zudem findet der sportliche Schwerpunkt des Gymnasiums Rheindahlen auch im <strong>Fahrtenkonzept<\/strong> der Schule Ber\u00fccksichtigung. So steht u.a. in der Klasse 8 eine <a href=\"https:\/\/gymnasium-rheindahlen.de\/index.php\/2026\/02\/11\/winterabenteuer-im-zillertal\/\"><strong>Skifahrt<\/strong><\/a> auf freiwilliger Basis auf dem Plan.<\/p>\r\n","protected":false},"excerpt":{"rendered":"<p>Sport am Gymnasium Rheindahlen bedeutet nicht nur Elitef\u00f6rderung \u00fcber die Systeme \u201eNRW Sportschule\u201c und \u201eEliteschule des Fu\u00dfballs\u201c und in diesem [&hellip;]<\/p>\n","protected":false},"author":1,"featured_media":0,"parent":0,"menu_order":0,"comment_status":"closed","ping_status":"closed","template":"","meta":{"ngg_post_thumbnail":0,"footnotes":""},"class_list":["post-456","page","type-page","status-publish","hentry"],"featured_image_src":null,"_links":{"self":[{"href":"https:\/\/gymnasium-rheindahlen.de\/index.php\/wp-json\/wp\/v2\/pages\/456","targetHints":{"allow":["GET"]}}],"collection":[{"href":"https:\/\/gymnasium-rheindahlen.de\/index.php\/wp-json\/wp\/v2\/pages"}],"about":[{"href":"https:\/\/gymnasium-rheindahlen.de\/index.php\/wp-json\/wp\/v2\/types\/page"}],"author":[{"embeddable":true,"href":"https:\/\/gymnasium-rheindahlen.de\/index.php\/wp-json\/wp\/v2\/users\/1"}],"replies":[{"embeddable":true,"href":"https:\/\/gymnasium-rheindahlen.de\/index.php\/wp-json\/wp\/v2\/comments?post=456"}],"version-history":[{"count":8,"href":"https:\/\/gymnasium-rheindahlen.de\/index.php\/wp-json\/wp\/v2\/pages\/456\/revisions"}],"predecessor-version":[{"id":4983,"href":"https:\/\/gymnasium-rheindahlen.de\/index.php\/wp-json\/wp\/v2\/pages\/456\/revisions\/4983"}],"wp:attachment":[{"href":"https:\/\/gymnasium-rheindahlen.de\/index.php\/wp-json\/wp\/v2\/media?parent=456"}],"curies":[{"name":"wp","href":"https:\/\/api.w.org\/{rel}","templated":true}]}}