{"id":454,"date":"2022-09-16T12:14:21","date_gmt":"2022-09-16T10:14:21","guid":{"rendered":"https:\/\/gymnasium-rheindahlen.de\/?page_id=454"},"modified":"2022-10-31T14:29:52","modified_gmt":"2022-10-31T13:29:52","slug":"schwerpunkt-unesco-schule","status":"publish","type":"page","link":"https:\/\/gymnasium-rheindahlen.de\/index.php\/schwerpunkt-unesco-schule\/","title":{"rendered":"Schwerpunkt UNESCO-Schule"},"content":{"rendered":"\r\n<p>Das Gymnasium Rheindahlen ist im Rahmen der Ausrichtung zur UNESCO-Schule momentan &#8222;mitarbeitende Schule&#8220; und strebt den Status als &#8222;anerkannte UNESCO-Projektschule&#8220; an.&nbsp;<\/p>\r\n\r\n\r\n\r\n<p>Ob in den Austauschprogrammen <a href=\"https:\/\/gymnasium-rheindahlen.de\/index.php\/european-citizenship\/\">European Citizenship<\/a> und <a href=\"https:\/\/gymnasium-rheindahlen.de\/index.php\/international-education\/\">International Education, <\/a>dem vielf\u00e4ltigen <a href=\"https:\/\/gymnasium-rheindahlen.de\/index.php\/arbeitsgemeinschaften\/\">AG-Angebot<\/a> (mit Arbeitsgemeinschaften wie dem Projekt &#8222;Schule ohne Rassismus&#8220;,&nbsp; der &#8222;UNESCO-AG&#8220;, dem Selbstbehauptungstraining und der &#8222;Gl\u00fccksschmiede&#8220;) oder unserer <a href=\"https:\/\/gymnasium-rheindahlen.de\/index.php\/partnerschaft-mit-offinso\/\">Partnerschaft mit der &#8222;St. Jerome Senior High School&#8220; in Offinso<\/a>: Die nachhaltigen Entwicklungsziele der UN (sustainable development goals) finden schon jetzt in vielen Bereichen unseres Schullebens Ber\u00fccksichtigung. Au\u00dferdem finden auch regelm\u00e4\u00dfig <a href=\"https:\/\/gymnasium-rheindahlen.de\/index.php\/unesco-projekttage-und-aktionen\/\">Projekttage und unterschiedliche Aktionen<\/a> zu Themen der UNESCO statt.<\/p>\r\n","protected":false},"excerpt":{"rendered":"<p>Das Gymnasium Rheindahlen ist im Rahmen der Ausrichtung zur UNESCO-Schule momentan &#8222;mitarbeitende Schule&#8220; und strebt den Status als &#8222;anerkannte UNESCO-Projektschule&#8220; [&hellip;]<\/p>\n","protected":false},"author":1,"featured_media":0,"parent":0,"menu_order":0,"comment_status":"closed","ping_status":"closed","template":"","meta":{"ngg_post_thumbnail":0,"footnotes":""},"class_list":["post-454","page","type-page","status-publish","hentry"],"featured_image_src":null,"_links":{"self":[{"href":"https:\/\/gymnasium-rheindahlen.de\/index.php\/wp-json\/wp\/v2\/pages\/454","targetHints":{"allow":["GET"]}}],"collection":[{"href":"https:\/\/gymnasium-rheindahlen.de\/index.php\/wp-json\/wp\/v2\/pages"}],"about":[{"href":"https:\/\/gymnasium-rheindahlen.de\/index.php\/wp-json\/wp\/v2\/types\/page"}],"author":[{"embeddable":true,"href":"https:\/\/gymnasium-rheindahlen.de\/index.php\/wp-json\/wp\/v2\/users\/1"}],"replies":[{"embeddable":true,"href":"https:\/\/gymnasium-rheindahlen.de\/index.php\/wp-json\/wp\/v2\/comments?post=454"}],"version-history":[{"count":3,"href":"https:\/\/gymnasium-rheindahlen.de\/index.php\/wp-json\/wp\/v2\/pages\/454\/revisions"}],"predecessor-version":[{"id":1185,"href":"https:\/\/gymnasium-rheindahlen.de\/index.php\/wp-json\/wp\/v2\/pages\/454\/revisions\/1185"}],"wp:attachment":[{"href":"https:\/\/gymnasium-rheindahlen.de\/index.php\/wp-json\/wp\/v2\/media?parent=454"}],"curies":[{"name":"wp","href":"https:\/\/api.w.org\/{rel}","templated":true}]}}