{"id":438,"date":"2022-09-16T12:10:04","date_gmt":"2022-09-16T10:10:04","guid":{"rendered":"https:\/\/gymnasium-rheindahlen.de\/?page_id=438"},"modified":"2022-09-16T12:12:09","modified_gmt":"2022-09-16T10:12:09","slug":"schulausflug-zum-unesco-welterbe-zeche-zollverein","status":"publish","type":"page","link":"https:\/\/gymnasium-rheindahlen.de\/index.php\/schulausflug-zum-unesco-welterbe-zeche-zollverein\/","title":{"rendered":"Schulausflug zum UNESCO-Welterbe &#8222;Zeche Zollverein&#8220;"},"content":{"rendered":"\n<p>\u201eWas lange w\u00e4hrt, wird endlich gut!\u201c<\/p>\n\n\n\n<p>So h\u00e4tte das Motto des Schulausflugs zum UNESCO-Welterbe \u201eZeche Zollverein\u201c lauten k\u00f6nnen. Schlie\u00dflich konnte der Wandertag der gesamten Schule, der urspr\u00fcnglich f\u00fcr das Jubil\u00e4umsschuljahr 2019\/2020 geplant gewesen war, nach coronabedingter, zweij\u00e4hriger Wartezeit im Juni 2022 doch noch stattfinden.<\/p>\n\n\n\n<p>Die Geduld sollte belohnt werden. Nicht nur der Wettergott zeigte sich gn\u00e4dig und bescherte der gut 500-k\u00f6pfigen Reisegruppe einen sonnigen, aber nicht zu hei\u00dfen Tag. Auch das Programm, das \u201eReiseleiter\u201c und UNESCO-Beauftragter David Kinnen zusammengestellt hatte, konnte sich sehen lassen. Ob im Ph\u00e4nomania-Erfahrungsfeld, in der Kokerei, im Ruhrmuseum oder in der eigentlichen Zeche: \u00dcberall kamen Sch\u00fcler*innen wie Lehrer*innen auf ihre Kosten. So waren sich am Ende eines langen, ereignisreichen Tages alle einig: Das war definitiv \u201emehr als Schule\u201c!<\/p>\n\n\n\nngg_shortcode_0_placeholder\n","protected":false},"excerpt":{"rendered":"<p>\u201eWas lange w\u00e4hrt, wird endlich gut!\u201c So h\u00e4tte das Motto des Schulausflugs zum UNESCO-Welterbe \u201eZeche Zollverein\u201c lauten k\u00f6nnen. Schlie\u00dflich konnte [&hellip;]<\/p>\n","protected":false},"author":1,"featured_media":0,"parent":0,"menu_order":0,"comment_status":"closed","ping_status":"closed","template":"","meta":{"ngg_post_thumbnail":0,"footnotes":""},"class_list":["post-438","page","type-page","status-publish","hentry"],"featured_image_src":null,"_links":{"self":[{"href":"https:\/\/gymnasium-rheindahlen.de\/index.php\/wp-json\/wp\/v2\/pages\/438","targetHints":{"allow":["GET"]}}],"collection":[{"href":"https:\/\/gymnasium-rheindahlen.de\/index.php\/wp-json\/wp\/v2\/pages"}],"about":[{"href":"https:\/\/gymnasium-rheindahlen.de\/index.php\/wp-json\/wp\/v2\/types\/page"}],"author":[{"embeddable":true,"href":"https:\/\/gymnasium-rheindahlen.de\/index.php\/wp-json\/wp\/v2\/users\/1"}],"replies":[{"embeddable":true,"href":"https:\/\/gymnasium-rheindahlen.de\/index.php\/wp-json\/wp\/v2\/comments?post=438"}],"version-history":[{"count":3,"href":"https:\/\/gymnasium-rheindahlen.de\/index.php\/wp-json\/wp\/v2\/pages\/438\/revisions"}],"predecessor-version":[{"id":453,"href":"https:\/\/gymnasium-rheindahlen.de\/index.php\/wp-json\/wp\/v2\/pages\/438\/revisions\/453"}],"wp:attachment":[{"href":"https:\/\/gymnasium-rheindahlen.de\/index.php\/wp-json\/wp\/v2\/media?parent=438"}],"curies":[{"name":"wp","href":"https:\/\/api.w.org\/{rel}","templated":true}]}}