{"id":429,"date":"2022-09-16T12:08:30","date_gmt":"2022-09-16T10:08:30","guid":{"rendered":"https:\/\/gymnasium-rheindahlen.de\/?page_id=429"},"modified":"2022-09-16T12:08:30","modified_gmt":"2022-09-16T10:08:30","slug":"regioprojekttag-2022","status":"publish","type":"page","link":"https:\/\/gymnasium-rheindahlen.de\/index.php\/regioprojekttag-2022\/","title":{"rendered":"Regioprojekttag 2022"},"content":{"rendered":"\n<p>Unsere Schule war beim Regioprojekttag 2022\u00a0 in der M\u00f6nchengladbacher Citykirche an der Planung und Durchf\u00fchrung beteiligt. Eine Sch\u00fclergruppe gestaltete hier unter Leitung von OStR Kinnen einen Stand zum Thema Energie und Transformation des Energiesektors. Au\u00dferdem wurde sich intensiv mit der Energieversorgung im Partnerland Ghana besch\u00e4ftigt.<\/p>\n\n\n\nngg_shortcode_0_placeholder\n","protected":false},"excerpt":{"rendered":"<p>Unsere Schule war beim Regioprojekttag 2022\u00a0 in der M\u00f6nchengladbacher Citykirche an der Planung und Durchf\u00fchrung beteiligt. Eine Sch\u00fclergruppe gestaltete hier [&hellip;]<\/p>\n","protected":false},"author":1,"featured_media":0,"parent":0,"menu_order":0,"comment_status":"closed","ping_status":"closed","template":"","meta":{"ngg_post_thumbnail":0,"footnotes":""},"class_list":["post-429","page","type-page","status-publish","hentry"],"featured_image_src":null,"_links":{"self":[{"href":"https:\/\/gymnasium-rheindahlen.de\/index.php\/wp-json\/wp\/v2\/pages\/429","targetHints":{"allow":["GET"]}}],"collection":[{"href":"https:\/\/gymnasium-rheindahlen.de\/index.php\/wp-json\/wp\/v2\/pages"}],"about":[{"href":"https:\/\/gymnasium-rheindahlen.de\/index.php\/wp-json\/wp\/v2\/types\/page"}],"author":[{"embeddable":true,"href":"https:\/\/gymnasium-rheindahlen.de\/index.php\/wp-json\/wp\/v2\/users\/1"}],"replies":[{"embeddable":true,"href":"https:\/\/gymnasium-rheindahlen.de\/index.php\/wp-json\/wp\/v2\/comments?post=429"}],"version-history":[{"count":1,"href":"https:\/\/gymnasium-rheindahlen.de\/index.php\/wp-json\/wp\/v2\/pages\/429\/revisions"}],"predecessor-version":[{"id":437,"href":"https:\/\/gymnasium-rheindahlen.de\/index.php\/wp-json\/wp\/v2\/pages\/429\/revisions\/437"}],"wp:attachment":[{"href":"https:\/\/gymnasium-rheindahlen.de\/index.php\/wp-json\/wp\/v2\/media?parent=429"}],"curies":[{"name":"wp","href":"https:\/\/api.w.org\/{rel}","templated":true}]}}