{"id":426,"date":"2022-09-16T12:02:00","date_gmt":"2022-09-16T10:02:00","guid":{"rendered":"https:\/\/gymnasium-rheindahlen.de\/?page_id=426"},"modified":"2025-09-29T14:04:15","modified_gmt":"2025-09-29T12:04:15","slug":"organisation-und-profil","status":"publish","type":"page","link":"https:\/\/gymnasium-rheindahlen.de\/index.php\/organisation-und-profil\/","title":{"rendered":"Organisation und Profil"},"content":{"rendered":"\r\n<p>Interessierte Eltern, die mit dem Gedanken spielen, ihr Kind am Gymnasium Rheindahlen anzumelden, finden in der folgenden Pr\u00e4sentation einen guten Gesamt\u00fcberblick \u00fcber unsere Organisation, unsere Schwerpunkte und Bildungsprinzipien:&nbsp;<\/p>\r\n\r\n\r\n\r\n<div data-wp-interactive=\"core\/file\" class=\"wp-block-file\"><object data-wp-bind--hidden=\"!state.hasPdfPreview\" hidden class=\"wp-block-file__embed\" style=\"width: 100%; height: 600px;\" data=\"https:\/\/gymnasium-rheindahlen.de\/wp-content\/uploads\/2025\/09\/Schulpraesentation-2025.pdf\" type=\"application\/pdf\" width=\"300\" height=\"150\" aria-label=\"Einbettung von Einbettung von Organisation-und-Profil..\"><span data-mce-type=\"bookmark\" style=\"display: inline-block; width: 0px; overflow: hidden; line-height: 0;\" class=\"mce_SELRES_start\">\ufeff<\/span><\/object><a id=\"wp-block-file--media-c3d745df-1747-46db-aefd-966a964cc3cb\" href=\"https:\/\/gymnasium-rheindahlen.de\/wp-content\/uploads\/2025\/09\/Schulpraesentation-2025.pdf\">Organisation-und-Profil<\/a><a class=\"wp-block-file__button\" href=\"https:\/\/gymnasium-rheindahlen.de\/wp-content\/uploads\/2024\/09\/Schulpraesentation-2024.pdf\" download=\"\" aria-describedby=\"wp-block-file--media-c3d745df-1747-46db-aefd-966a964cc3cb\">Herunterladen<\/a><\/div>\r\n<p>&nbsp;<\/p>\r\n<div>&nbsp;<\/div>\r\n<p><\/p>\r\nngg_shortcode_0_placeholder","protected":false},"excerpt":{"rendered":"<p>Interessierte Eltern, die mit dem Gedanken spielen, ihr Kind am Gymnasium Rheindahlen anzumelden, finden in der folgenden Pr\u00e4sentation einen guten [&hellip;]<\/p>\n","protected":false},"author":1,"featured_media":0,"parent":0,"menu_order":0,"comment_status":"closed","ping_status":"closed","template":"","meta":{"ngg_post_thumbnail":0,"footnotes":""},"class_list":["post-426","page","type-page","status-publish","hentry"],"featured_image_src":null,"_links":{"self":[{"href":"https:\/\/gymnasium-rheindahlen.de\/index.php\/wp-json\/wp\/v2\/pages\/426","targetHints":{"allow":["GET"]}}],"collection":[{"href":"https:\/\/gymnasium-rheindahlen.de\/index.php\/wp-json\/wp\/v2\/pages"}],"about":[{"href":"https:\/\/gymnasium-rheindahlen.de\/index.php\/wp-json\/wp\/v2\/types\/page"}],"author":[{"embeddable":true,"href":"https:\/\/gymnasium-rheindahlen.de\/index.php\/wp-json\/wp\/v2\/users\/1"}],"replies":[{"embeddable":true,"href":"https:\/\/gymnasium-rheindahlen.de\/index.php\/wp-json\/wp\/v2\/comments?post=426"}],"version-history":[{"count":8,"href":"https:\/\/gymnasium-rheindahlen.de\/index.php\/wp-json\/wp\/v2\/pages\/426\/revisions"}],"predecessor-version":[{"id":4021,"href":"https:\/\/gymnasium-rheindahlen.de\/index.php\/wp-json\/wp\/v2\/pages\/426\/revisions\/4021"}],"wp:attachment":[{"href":"https:\/\/gymnasium-rheindahlen.de\/index.php\/wp-json\/wp\/v2\/media?parent=426"}],"curies":[{"name":"wp","href":"https:\/\/api.w.org\/{rel}","templated":true}]}}