{"id":424,"date":"2022-09-16T12:00:39","date_gmt":"2022-09-16T10:00:39","guid":{"rendered":"https:\/\/gymnasium-rheindahlen.de\/?page_id=424"},"modified":"2024-02-21T19:22:19","modified_gmt":"2024-02-21T18:22:19","slug":"nrw-sportschule","status":"publish","type":"page","link":"https:\/\/gymnasium-rheindahlen.de\/index.php\/nrw-sportschule\/","title":{"rendered":"NRW-Sportschule"},"content":{"rendered":"\r\n<div class=\"wp-block-group is-layout-flow wp-block-group-is-layout-flow\">\r\n<figure class=\"wp-block-image size-full\"><img loading=\"lazy\" decoding=\"async\" width=\"433\" height=\"395\" class=\"wp-image-46\" src=\"https:\/\/gymnasium-rheindahlen.de\/wp-content\/uploads\/2022\/04\/LogoNRWSportschule2.jpg\" alt=\"\" srcset=\"https:\/\/gymnasium-rheindahlen.de\/wp-content\/uploads\/2022\/04\/LogoNRWSportschule2.jpg 433w, https:\/\/gymnasium-rheindahlen.de\/wp-content\/uploads\/2022\/04\/LogoNRWSportschule2-300x274.jpg 300w\" sizes=\"auto, (max-width: 433px) 100vw, 433px\" \/><\/figure>\r\n<\/div>\r\n\r\n\r\n\r\n<p>Seit dem Schuljahr 2015\/2016 ist M\u00f6nchengladbach Standort einer NRW-Sportschule. Die entsprechende Genehmigung erteilte das Ministerium f\u00fcr Familie, Kinder, Jugend, Kultur und Sport.<\/p>\r\n\r\n\r\n\r\n<p>Die Landesregierung Nordrhein-Westfalen hatte am 19. Juli 2011 entschieden, das Verbundsystem von Schule und Leistungssport weiterzuentwickeln und neue NRW-Sportschulen im Land aufzubauen. Insgesamt sollte es landesweit 19 Standorte geben. Als Schultr\u00e4ger hatte sich auch die Stadt M\u00f6nchengladbach f\u00fcr den Ausbau zur NRW-Sportschule beworben. Mit dem ausgearbeiteten Umsetzungskonzept konnte M\u00f6nchengladbach \u00fcberzeugen, sodass zum Schuljahr 2015\/2016 das Gymnasium Rheindahlen sowie die Gesamtschule Hardt zur NRW-Sportschule ernannt wurden.<\/p>\r\n\r\n\r\n\r\n<p>Als \u201ePartnerschule des Leistungssports&#8220; und im Verbund der \u201eEliteschule des Fu\u00dfballs&#8220; in Kooperation mit Borussia M\u00f6nchengladbach, verf\u00fcgen das Gymnasium Rheindahlen und die Gesamtschule Hardt schon \u00fcber langj\u00e4hrige Erfahrungen im Verbundsystem Schule und Leistungssport und in der F\u00f6rderung junger, talentierter Sportlerinnen und Sportler.<\/p>\r\n\r\n\r\n\r\n<p>Bereits im Schuljahr 2012\/2013 wurde am Gymnasium Rheindahlen testweise eine Eingangsklasse Sport eingerichtet, aus der dann sp\u00e4ter die heutige Form der Sportf\u00f6rderung hervorging. Zugangsvoraussetzung f\u00fcr die Aufnahme in die Sportf\u00f6rderung ist das Bestehen eines <a href=\"https:\/\/www.land.nrw\/sites\/default\/files\/asset\/document\/broschure_motorischer_test_3._uberarbeitete_auflage_web.pdf\">sportmotorischen Eignungstests<\/a>. Die Kinder mit sportlichem Schwerpunkt erhalten in der Unterstufe eine erh\u00f6hte Anzahl von Sportstunden bzw. ein zus\u00e4tzliches Sport-AG-Angebot, welches u.a. mit Hilfe von Trainerinnen und Trainern aus M\u00f6nchengladbacher Sportvereinen realisiert wird.<\/p>\r\n\r\n\r\n\r\n<p>Dabei sollen die Sch\u00fclerinnen und Sch\u00fcler eine sportarten\u00fcbergreifende Grundlagenausbildung bekommen, die sich an den Profilsportarten (Fu\u00dfball, Hockey, Judo, Schwimmen) des Standortes M\u00f6nchengladbach orientiert.<\/p>\r\n<p>Am Ende der 7. Klasse entscheidet sich dann der Verbleib in der Sportf\u00f6rderung, u.a. anhand eines <a href=\"https:\/\/gymnasium-rheindahlen.de\/wp-content\/uploads\/2024\/02\/Manual_MT2-A.pdf\">zweiten motorischen Tests.<\/a>&nbsp;In der Mittel- und Oberstufe werden die Kadersportlerinnen und -sportler f\u00fcr zus\u00e4tzliche Fr\u00fchtrainingseinheiten in den jeweiligen Profilsportarten freigestellt.<\/p>\r\n\r\n\r\n\r\n<p>Ein weiterer wichtiger Baustein im Verbundsystem Schule und Leistungssport und damit beim Projekt NRW-Sportschule, ist das im Jahr 2007 gegr\u00fcndete Sport-Teilinternat, welches im Borussia Park untergebracht ist. Getragen durch den \u201eVerein zur F\u00f6rderung des Nachwuchssports in M\u00f6nchengladbach e.V.&#8220;, bietet das Sport-Teilinternat talentierten Nachwuchssportlern mit Kaderstatus an vier Tagen in der Woche St\u00fctz- und F\u00f6rderunterricht, Hausaufgabenbetreuung sowie Klausurvor- und -nachbereitung an. Dabei k\u00f6nnen unsere Sportsch\u00fcler die Lerneinheiten auch zu individuell passenden Terminen in den R\u00e4umlichkeiten unserer Schule wahrnehmen.<\/p>\r\n\r\n\r\n\r\n<p>Die Ernennung zur NRW-Sportschule ist eine Anerkennung f\u00fcr die seit Jahren geleistete gute Arbeit im Verbundsystem Schule und Leistungssport in M\u00f6nchengladbach und wird die M\u00f6glichkeiten zur Vereinbarkeit von Schule und Leistungssport von jungen talentierten Sportlerinnen und Sportler noch einmal verbessern.<\/p>\r\n","protected":false},"excerpt":{"rendered":"<p>Seit dem Schuljahr 2015\/2016 ist M\u00f6nchengladbach Standort einer NRW-Sportschule. Die entsprechende Genehmigung erteilte das Ministerium f\u00fcr Familie, Kinder, Jugend, Kultur [&hellip;]<\/p>\n","protected":false},"author":1,"featured_media":0,"parent":0,"menu_order":0,"comment_status":"closed","ping_status":"closed","template":"","meta":{"ngg_post_thumbnail":0,"footnotes":""},"class_list":["post-424","page","type-page","status-publish","hentry"],"featured_image_src":null,"_links":{"self":[{"href":"https:\/\/gymnasium-rheindahlen.de\/index.php\/wp-json\/wp\/v2\/pages\/424","targetHints":{"allow":["GET"]}}],"collection":[{"href":"https:\/\/gymnasium-rheindahlen.de\/index.php\/wp-json\/wp\/v2\/pages"}],"about":[{"href":"https:\/\/gymnasium-rheindahlen.de\/index.php\/wp-json\/wp\/v2\/types\/page"}],"author":[{"embeddable":true,"href":"https:\/\/gymnasium-rheindahlen.de\/index.php\/wp-json\/wp\/v2\/users\/1"}],"replies":[{"embeddable":true,"href":"https:\/\/gymnasium-rheindahlen.de\/index.php\/wp-json\/wp\/v2\/comments?post=424"}],"version-history":[{"count":8,"href":"https:\/\/gymnasium-rheindahlen.de\/index.php\/wp-json\/wp\/v2\/pages\/424\/revisions"}],"predecessor-version":[{"id":2504,"href":"https:\/\/gymnasium-rheindahlen.de\/index.php\/wp-json\/wp\/v2\/pages\/424\/revisions\/2504"}],"wp:attachment":[{"href":"https:\/\/gymnasium-rheindahlen.de\/index.php\/wp-json\/wp\/v2\/media?parent=424"}],"curies":[{"name":"wp","href":"https:\/\/api.w.org\/{rel}","templated":true}]}}