{"id":420,"date":"2022-09-16T11:57:36","date_gmt":"2022-09-16T09:57:36","guid":{"rendered":"https:\/\/gymnasium-rheindahlen.de\/?page_id=420"},"modified":"2022-09-16T14:54:47","modified_gmt":"2022-09-16T12:54:47","slug":"musikalischer-schwerpunkt-2","status":"publish","type":"page","link":"https:\/\/gymnasium-rheindahlen.de\/index.php\/musikalischer-schwerpunkt-2\/","title":{"rendered":"Schwerpunkt Musik"},"content":{"rendered":"\n<p>Neben der sportlichen Ausrichtung des Gymnasiums konnte sich auch die Musik bei uns in den letzten Jahren zu einem Schwerpunkt entwickeln.<br>Ein kleines Schulorchester begleitet die Auff\u00fchrungen des Literaturkurses und die Weihnachtsfeier. Verschiedene kammermusikalische Ensembles konnten bei vielf\u00e4ltigen Auff\u00fchrungen gl\u00e4nzen.<br>Besonders stolz sind wir aber auf die Streicherklassen an unserer Schule, die zu einem festen Bestandteil des Schullebens geworden sind. Bei einer Streicherklasse werden die Kinder in der f\u00fcnften und sechsten Klasse nicht in herk\u00f6mmlicher Weise im Musikunterricht betreut, sondern erlernen im Klassenverband Geige, Bratsche oder Cello. Alle im Lehrplan vorgesehenen Lerninhalte erwerben sie nat\u00fcrlich ebenfalls und zwar eingebunden in die Praxis des Musikinstrumentes. Daneben entwickeln sie aber in besonderem Ma\u00dfe ein ausgepr\u00e4gtes Rhythmusgef\u00fchl und ein gutes Geh\u00f6r. Damit dieser besondere Unterricht funktioniert, unterrichten in den Streicherklassen gleich drei Lehrer oder Lehrerinnen \u2013 und zwar ein Musiklehrer des Gymnasiums und sowie eine Geigen- und eine Cellolehrerin; beide selbstverst\u00e4ndlich studierte Profis an ihren Instrumenten.<br>Sehr fr\u00fch musizieren die Kinder in der Streicherklasse zusammen und demonstrieren ihre neu erworbenen F\u00e4higkeiten in kleinen Konzerten vor Mitsch\u00fclern oder Eltern. Das besondere Erlebnis, gemeinsam Musik zu machen, motiviert die Kinder, nach Abschluss des zweij\u00e4hrigen Streicherklassenprogramms im Schulorchester weiterzumachen und ihr Instrument z.B. in der Musikschule vertiefend zu erlernen. Dabei kommen sogar die Musiklehrer*innen der St\u00e4dtischen Musikschule zum Gymnasium, um dort zu unterrichten \u2013 f\u00fcr die Eltern ein zeit- und kostensparender Vorteil.<\/p>\n\n\n\nngg_shortcode_0_placeholder\n","protected":false},"excerpt":{"rendered":"<p>Neben der sportlichen Ausrichtung des Gymnasiums konnte sich auch die Musik bei uns in den letzten Jahren zu einem Schwerpunkt [&hellip;]<\/p>\n","protected":false},"author":1,"featured_media":0,"parent":0,"menu_order":0,"comment_status":"closed","ping_status":"closed","template":"","meta":{"ngg_post_thumbnail":0,"footnotes":""},"class_list":["post-420","page","type-page","status-publish","hentry"],"featured_image_src":null,"_links":{"self":[{"href":"https:\/\/gymnasium-rheindahlen.de\/index.php\/wp-json\/wp\/v2\/pages\/420","targetHints":{"allow":["GET"]}}],"collection":[{"href":"https:\/\/gymnasium-rheindahlen.de\/index.php\/wp-json\/wp\/v2\/pages"}],"about":[{"href":"https:\/\/gymnasium-rheindahlen.de\/index.php\/wp-json\/wp\/v2\/types\/page"}],"author":[{"embeddable":true,"href":"https:\/\/gymnasium-rheindahlen.de\/index.php\/wp-json\/wp\/v2\/users\/1"}],"replies":[{"embeddable":true,"href":"https:\/\/gymnasium-rheindahlen.de\/index.php\/wp-json\/wp\/v2\/comments?post=420"}],"version-history":[{"count":3,"href":"https:\/\/gymnasium-rheindahlen.de\/index.php\/wp-json\/wp\/v2\/pages\/420\/revisions"}],"predecessor-version":[{"id":596,"href":"https:\/\/gymnasium-rheindahlen.de\/index.php\/wp-json\/wp\/v2\/pages\/420\/revisions\/596"}],"wp:attachment":[{"href":"https:\/\/gymnasium-rheindahlen.de\/index.php\/wp-json\/wp\/v2\/media?parent=420"}],"curies":[{"name":"wp","href":"https:\/\/api.w.org\/{rel}","templated":true}]}}