{"id":3725,"date":"2025-07-10T16:49:14","date_gmt":"2025-07-10T14:49:14","guid":{"rendered":"https:\/\/gymnasium-rheindahlen.de\/?page_id=3725"},"modified":"2025-07-11T08:46:42","modified_gmt":"2025-07-11T06:46:42","slug":"projekttage-2025-klasse-10","status":"publish","type":"page","link":"https:\/\/gymnasium-rheindahlen.de\/index.php\/projekttage-2025-klasse-10\/","title":{"rendered":"Projekttage 2025: Klasse 10"},"content":{"rendered":"<p><strong>Stufe 10: Fotostory-Projekt \u201eSch\u00f6ne neue Welt?\u201c&nbsp;(Deutsch+Literatur+Musik): S\u00e4ule V (Risiken und Chancen im digitalen Zeitalter)<\/strong><\/p>\n<p>In diesem Projekt, das die 10. Klassen absolvierten, ging es darum, einen kritischen Blick auf die Entwicklungen in der digitalen Welt zu werfen.<\/p>\n<p>Die Sch\u00fclerinnen und Sch\u00fcler lernten am ersten Tag die wichtigsten Schauspielgesetze kennen und feilten an ihren eigenen Acting-Skills. Tag 2 stand dann ganz im Zeichen der Storyboard-Arbeit, bei der die Kurse auf Basis futuristischer KI-Ausgangsszenarien &#8222;Drehb\u00fccher&#8220; f\u00fcr die sp\u00e4tere Fotostory entwickelten. Diese Storyboards wurden am finalen Projekttag mit passenden Fotos in Szene gesetzt und schlie\u00dflich mithilfe des Programms Keynote editiert.<\/p>\n<p><a href=\"https:\/\/gymnasium-rheindahlen.de\/wp-content\/uploads\/2025\/07\/Projekt-No.-3-KI-generierte-Welt.pdf\">Projekt No. 3 KI generierte Welt<\/a><\/p>\n<p><a href=\"https:\/\/gymnasium-rheindahlen.de\/wp-content\/uploads\/2025\/07\/Eine-neue-Hoffnung.pdf\">Eine neue Hoffnung<\/a><\/p>\n<p><a href=\"https:\/\/gymnasium-rheindahlen.de\/wp-content\/uploads\/2025\/07\/Der-normalste-Tag-der-Welt.pdf\">Der normalste Tag der Welt<\/a><\/p>\n<p><a href=\"https:\/\/gymnasium-rheindahlen.de\/wp-content\/uploads\/2025\/07\/Der-Kampf-von-El-Patron.pdf\">Der Kampf von El Patron<\/a><\/p>\n<p><a href=\"https:\/\/gymnasium-rheindahlen.de\/wp-content\/uploads\/2025\/07\/Stress-in-der-Unterwelt.pdf\">Stress in der Unterwelt<\/a><\/p>\n<p><a href=\"https:\/\/gymnasium-rheindahlen.de\/wp-content\/uploads\/2025\/07\/Wie-KI-unseren-Alltag-uebernimmt.pdf\">Wie KI unseren Alltag \u00fcbernimmt<\/a><\/p>\n<p><a href=\"https:\/\/gymnasium-rheindahlen.de\/wp-content\/uploads\/2025\/07\/Die-Gedankenloeschbrille.pdf\">Die Gedankenl\u00f6schbrille<\/a><\/p>\n<p><a href=\"https:\/\/gymnasium-rheindahlen.de\/wp-content\/uploads\/2025\/07\/Der-Schein-truegt.pdf\">Der Schein tr\u00fcgt<\/a><\/p>\n<p><a href=\"https:\/\/gymnasium-rheindahlen.de\/wp-content\/uploads\/2025\/07\/Das-unheilvolle-Dartspiel.pdf\">Das unheilvolle Dartspiel<\/a><\/p>\n<p><a href=\"https:\/\/gymnasium-rheindahlen.de\/wp-content\/uploads\/2025\/07\/Der-Held-der-Steine.pdf\">Der Held der Steine<\/a><\/p>\n<p><a href=\"https:\/\/gymnasium-rheindahlen.de\/wp-content\/uploads\/2025\/07\/Die-drei-Freunde.pdf\">Die drei Freunde<\/a><\/p>\n<p><a href=\"https:\/\/gymnasium-rheindahlen.de\/wp-content\/uploads\/2025\/07\/Die-Stimme-hinter-dem-Bildschirm.pdf\">Die Stimme hinter dem Bildschirm<\/a><\/p>\n<p><a href=\"https:\/\/gymnasium-rheindahlen.de\/wp-content\/uploads\/2025\/07\/Partnersuche-in-einer-perfekten-Welt.pdf\">Partnersuche in einer perfekten Welt<\/a><\/p>\n","protected":false},"excerpt":{"rendered":"<p>Stufe 10: Fotostory-Projekt \u201eSch\u00f6ne neue Welt?\u201c&nbsp;(Deutsch+Literatur+Musik): S\u00e4ule V (Risiken und Chancen im digitalen Zeitalter) In diesem Projekt, das die 10. [&hellip;]<\/p>\n","protected":false},"author":1,"featured_media":0,"parent":0,"menu_order":0,"comment_status":"closed","ping_status":"closed","template":"","meta":{"ngg_post_thumbnail":0,"footnotes":""},"class_list":["post-3725","page","type-page","status-publish","hentry"],"featured_image_src":null,"_links":{"self":[{"href":"https:\/\/gymnasium-rheindahlen.de\/index.php\/wp-json\/wp\/v2\/pages\/3725","targetHints":{"allow":["GET"]}}],"collection":[{"href":"https:\/\/gymnasium-rheindahlen.de\/index.php\/wp-json\/wp\/v2\/pages"}],"about":[{"href":"https:\/\/gymnasium-rheindahlen.de\/index.php\/wp-json\/wp\/v2\/types\/page"}],"author":[{"embeddable":true,"href":"https:\/\/gymnasium-rheindahlen.de\/index.php\/wp-json\/wp\/v2\/users\/1"}],"replies":[{"embeddable":true,"href":"https:\/\/gymnasium-rheindahlen.de\/index.php\/wp-json\/wp\/v2\/comments?post=3725"}],"version-history":[{"count":5,"href":"https:\/\/gymnasium-rheindahlen.de\/index.php\/wp-json\/wp\/v2\/pages\/3725\/revisions"}],"predecessor-version":[{"id":3817,"href":"https:\/\/gymnasium-rheindahlen.de\/index.php\/wp-json\/wp\/v2\/pages\/3725\/revisions\/3817"}],"wp:attachment":[{"href":"https:\/\/gymnasium-rheindahlen.de\/index.php\/wp-json\/wp\/v2\/media?parent=3725"}],"curies":[{"name":"wp","href":"https:\/\/api.w.org\/{rel}","templated":true}]}}