{"id":372,"date":"2022-09-16T11:23:54","date_gmt":"2022-09-16T09:23:54","guid":{"rendered":"https:\/\/gymnasium-rheindahlen.de\/?page_id=372"},"modified":"2024-09-25T19:52:41","modified_gmt":"2024-09-25T17:52:41","slug":"informationsveranstaltung","status":"publish","type":"page","link":"https:\/\/gymnasium-rheindahlen.de\/index.php\/informationsveranstaltung\/","title":{"rendered":"Informationsveranstaltung"},"content":{"rendered":"\r\n<p>In den ersten Wochen nach Schuljahresbeginn bieten wir jedes Jahr f\u00fcr die Eltern von Viertkl\u00e4sslern einen Informationsabend an. Dort pr\u00e4sentieren wir das Profil unserer Schule und die p\u00e4dagogischen Schwerpunkte unserer Arbeit mit den Kindern. Zudem beantworten wir gerne die Fragen interessierter Eltern.<\/p>\r\n<p>Den genauen Termin f\u00fcr das jeweilige Schuljahr finden Sie sp\u00e4testens im September im News Slider auf der Startseite oder in der <a href=\"https:\/\/gymnasium-rheindahlen.de\/index.php\/termine\/\">Termin\u00fcbersicht<\/a>.<\/p>\r\n","protected":false},"excerpt":{"rendered":"<p>In den ersten Wochen nach Schuljahresbeginn bieten wir jedes Jahr f\u00fcr die Eltern von Viertkl\u00e4sslern einen Informationsabend an. Dort pr\u00e4sentieren [&hellip;]<\/p>\n","protected":false},"author":1,"featured_media":0,"parent":0,"menu_order":0,"comment_status":"closed","ping_status":"closed","template":"","meta":{"ngg_post_thumbnail":0,"footnotes":""},"class_list":["post-372","page","type-page","status-publish","hentry"],"featured_image_src":null,"_links":{"self":[{"href":"https:\/\/gymnasium-rheindahlen.de\/index.php\/wp-json\/wp\/v2\/pages\/372","targetHints":{"allow":["GET"]}}],"collection":[{"href":"https:\/\/gymnasium-rheindahlen.de\/index.php\/wp-json\/wp\/v2\/pages"}],"about":[{"href":"https:\/\/gymnasium-rheindahlen.de\/index.php\/wp-json\/wp\/v2\/types\/page"}],"author":[{"embeddable":true,"href":"https:\/\/gymnasium-rheindahlen.de\/index.php\/wp-json\/wp\/v2\/users\/1"}],"replies":[{"embeddable":true,"href":"https:\/\/gymnasium-rheindahlen.de\/index.php\/wp-json\/wp\/v2\/comments?post=372"}],"version-history":[{"count":12,"href":"https:\/\/gymnasium-rheindahlen.de\/index.php\/wp-json\/wp\/v2\/pages\/372\/revisions"}],"predecessor-version":[{"id":3229,"href":"https:\/\/gymnasium-rheindahlen.de\/index.php\/wp-json\/wp\/v2\/pages\/372\/revisions\/3229"}],"wp:attachment":[{"href":"https:\/\/gymnasium-rheindahlen.de\/index.php\/wp-json\/wp\/v2\/media?parent=372"}],"curies":[{"name":"wp","href":"https:\/\/api.w.org\/{rel}","templated":true}]}}