{"id":370,"date":"2022-09-16T11:23:14","date_gmt":"2022-09-16T09:23:14","guid":{"rendered":"https:\/\/gymnasium-rheindahlen.de\/?page_id=370"},"modified":"2023-09-11T19:56:02","modified_gmt":"2023-09-11T17:56:02","slug":"individuelle-beratung","status":"publish","type":"page","link":"https:\/\/gymnasium-rheindahlen.de\/index.php\/individuelle-beratung\/","title":{"rendered":"Individuelle Beratung"},"content":{"rendered":"\r\n<p>Ein wichtiger Baustein f\u00fcr die Information interessierter Eltern von Viertkl\u00e4sslern am Gymnasium Rheindahlen ist die individuelle Beratung. Hier k\u00f6nnen vor allem Fragen gekl\u00e4rt werden, die sich aus der besonderen Situation des Kindes ergeben, z.B. zur Wahl der richtigen Schulform und zum Umgang mit speziellen Begabungen oder Einschr\u00e4nkungen.<br>Individuelle Beratungstermine werden j\u00e4hrlich von ca. Mitte September bis Anfang November angeboten. Die genauen Daten ver\u00f6ffentlichen wir zu diesem Zeitpunkt in unserem News-Slider auf der <a href=\"https:\/\/gymnasium-rheindahlen.de\/\">Startseite<\/a> unserer Homepage. Sollte kein passender Termin dabei sein, k\u00f6nnen sich Interessierte an das Sekretariat (<a href=\"https:\/\/gymnasium-rheindahlen.de\/index.php\/kontakt\/\">Kontakt<\/a>) der Schule wenden.<\/p>\r\n","protected":false},"excerpt":{"rendered":"<p>Ein wichtiger Baustein f\u00fcr die Information interessierter Eltern von Viertkl\u00e4sslern am Gymnasium Rheindahlen ist die individuelle Beratung. Hier k\u00f6nnen vor [&hellip;]<\/p>\n","protected":false},"author":1,"featured_media":0,"parent":0,"menu_order":0,"comment_status":"closed","ping_status":"closed","template":"","meta":{"ngg_post_thumbnail":0,"footnotes":""},"class_list":["post-370","page","type-page","status-publish","hentry"],"featured_image_src":null,"_links":{"self":[{"href":"https:\/\/gymnasium-rheindahlen.de\/index.php\/wp-json\/wp\/v2\/pages\/370","targetHints":{"allow":["GET"]}}],"collection":[{"href":"https:\/\/gymnasium-rheindahlen.de\/index.php\/wp-json\/wp\/v2\/pages"}],"about":[{"href":"https:\/\/gymnasium-rheindahlen.de\/index.php\/wp-json\/wp\/v2\/types\/page"}],"author":[{"embeddable":true,"href":"https:\/\/gymnasium-rheindahlen.de\/index.php\/wp-json\/wp\/v2\/users\/1"}],"replies":[{"embeddable":true,"href":"https:\/\/gymnasium-rheindahlen.de\/index.php\/wp-json\/wp\/v2\/comments?post=370"}],"version-history":[{"count":5,"href":"https:\/\/gymnasium-rheindahlen.de\/index.php\/wp-json\/wp\/v2\/pages\/370\/revisions"}],"predecessor-version":[{"id":2135,"href":"https:\/\/gymnasium-rheindahlen.de\/index.php\/wp-json\/wp\/v2\/pages\/370\/revisions\/2135"}],"wp:attachment":[{"href":"https:\/\/gymnasium-rheindahlen.de\/index.php\/wp-json\/wp\/v2\/media?parent=370"}],"curies":[{"name":"wp","href":"https:\/\/api.w.org\/{rel}","templated":true}]}}