{"id":368,"date":"2022-09-16T11:09:31","date_gmt":"2022-09-16T09:09:31","guid":{"rendered":"https:\/\/gymnasium-rheindahlen.de\/?page_id=368"},"modified":"2024-03-01T10:02:11","modified_gmt":"2024-03-01T09:02:11","slug":"glueckschmiede","status":"publish","type":"page","link":"https:\/\/gymnasium-rheindahlen.de\/index.php\/glueckschmiede\/","title":{"rendered":"Gl\u00fcckschmiede"},"content":{"rendered":"\r\n<p><strong>Beschreibung der Gl\u00fccks-AG<\/strong><\/p>\r\n\r\n\r\n\r\n<p>In einer Zeit, in der Kinder es manchmal schwerer haben sich zurechtzufinden, weil das Leben immer komplexer wird, ist es wichtig R\u00e4ume zu schaffen, in denen man zur Ruhe kommen kann und in denen der Blick auf den bewussten Umgang mit sich selbst gelenkt wird.<\/p>\r\n\r\n\r\n\r\n<p>Wenn Kinder ihre St\u00e4rken kennen und ein Gef\u00fchl von Selbstwirksamkeit erfahren, hilft ihnen das dabei, ein gesundes Selbstwertgef\u00fchl und Resilienz gegen\u00fcber den Anforderungen des Alltags und des Lebens entwickeln sowie ihre Ressourcen zu nutzen und l\u00f6sungsorientiert mit Herausforderungen umzugehen.<br>In der Gl\u00fccks-AG werden die Kinder dabei unterst\u00fctzt durch Achtsamkeitstraining, Meditation, die Anwendung positiver Psychologie und Reflexionen \u00fcber unterschiedliche Ideen, Strategien und Handlungsweisen, die die soziale und emotionale Kompetenz der Kinder st\u00e4rken sollen.<\/p>\r\n\r\n\r\n\r\n<p>Momentan bieten wir die AG f\u00fcr M\u00e4dchen der Jahrgangsstufe 5 an, da wir damit vor allem den Schulwechsel von der Grundschule auf die weiterf\u00fchrende Schule und in eine neue Gruppe begleiten wollen. Au\u00dferdem stehen die M\u00e4dchen kurz vor der Pubert\u00e4t, in der das subjektive Erleben sich oftmals verschiebt und eine gewisse Orientierungslosigkeit einsetzt. Auch hier kann ein Training in Gl\u00fcckskompetenz ausgleichend wirken.<\/p>\r\n\r\n\r\n","protected":false},"excerpt":{"rendered":"<p>Beschreibung der Gl\u00fccks-AG In einer Zeit, in der Kinder es manchmal schwerer haben sich zurechtzufinden, weil das Leben immer komplexer [&hellip;]<\/p>\n","protected":false},"author":1,"featured_media":0,"parent":0,"menu_order":0,"comment_status":"closed","ping_status":"closed","template":"","meta":{"ngg_post_thumbnail":0,"footnotes":""},"class_list":["post-368","page","type-page","status-publish","hentry"],"featured_image_src":null,"_links":{"self":[{"href":"https:\/\/gymnasium-rheindahlen.de\/index.php\/wp-json\/wp\/v2\/pages\/368","targetHints":{"allow":["GET"]}}],"collection":[{"href":"https:\/\/gymnasium-rheindahlen.de\/index.php\/wp-json\/wp\/v2\/pages"}],"about":[{"href":"https:\/\/gymnasium-rheindahlen.de\/index.php\/wp-json\/wp\/v2\/types\/page"}],"author":[{"embeddable":true,"href":"https:\/\/gymnasium-rheindahlen.de\/index.php\/wp-json\/wp\/v2\/users\/1"}],"replies":[{"embeddable":true,"href":"https:\/\/gymnasium-rheindahlen.de\/index.php\/wp-json\/wp\/v2\/comments?post=368"}],"version-history":[{"count":2,"href":"https:\/\/gymnasium-rheindahlen.de\/index.php\/wp-json\/wp\/v2\/pages\/368\/revisions"}],"predecessor-version":[{"id":2533,"href":"https:\/\/gymnasium-rheindahlen.de\/index.php\/wp-json\/wp\/v2\/pages\/368\/revisions\/2533"}],"wp:attachment":[{"href":"https:\/\/gymnasium-rheindahlen.de\/index.php\/wp-json\/wp\/v2\/media?parent=368"}],"curies":[{"name":"wp","href":"https:\/\/api.w.org\/{rel}","templated":true}]}}