{"id":364,"date":"2022-09-16T11:06:05","date_gmt":"2022-09-16T09:06:05","guid":{"rendered":"https:\/\/gymnasium-rheindahlen.de\/?page_id=364"},"modified":"2022-09-16T11:06:05","modified_gmt":"2022-09-16T09:06:05","slug":"european-citizenship","status":"publish","type":"page","link":"https:\/\/gymnasium-rheindahlen.de\/index.php\/european-citizenship\/","title":{"rendered":"European Citizenship"},"content":{"rendered":"\n<p>Zus\u00e4tzlich zu den regelm\u00e4\u00dfig stattfindenden Projektwochen im Rahmen von International Education gibt es ein Kursprogramm, welches sich &#8222;European Citizenship&#8220; nennt und nach Ablauf von vier Jahren mit einem Abschluss&nbsp; (&#8218;Certificate&#8216;) f\u00fcr jeden teilnehmenden Sch\u00fcler endet.<\/p>\n\n\n\n<p>Auch wir bieten &#8211; im Rahmen der Differenzierungsangebote f\u00fcr die Klassen 8 und 9 &#8211; einen solchen Kurs an.<\/p>\n\n\n\n<p>Der Kurs wird in englischer Sprache durchgef\u00fchrt und behandelt Europa-relevante Themen (My Relations, Travelling, Inventions, Art &amp; Music, Becoming a European, Terrorismus, Migration, Corona etc.). Die Themen sind gr\u00f6\u00dftenteils gesellschaftsbezogen, k\u00f6nnen jedoch in den letzten beiden Lernabschnitten auch durch naturwissenschaftliche Aspekte erg\u00e4nzt werden.<\/p>\n\n\n\n<p>Zus\u00e4tzlich m\u00fcssen die Sch\u00fcler \u00fcber soziale Netzwerke mit den Sch\u00fclerinnen und Sch\u00fclern der anderen teilnehmenden Schulen Kontakt aufnehmen und ihre Ergebnisse vergleichen. Auch Videokonferenzen k\u00f6nnen so stattfinden.<\/p>\n\n\n\n<p>Die Austauschprojekte werden weitergef\u00fchrt, so dass auch ein &#8222;echtes&#8220; Austauschprogramm stattfindet, bei dem die Sch\u00fclerinnen und Sch\u00fcler sich im Verlaufe des EC-Kurses bereits vorher &#8222;virtuell&#8220; kennengelernt haben.<\/p>\n\n\n\n<p>Da die Unterrichtssprache Englisch ist, ist dieser Curriculum-Kurs das erste&nbsp;&nbsp;bilinguale Angebot&nbsp;f\u00fcr unsere Sch\u00fcler.<\/p>\n\n\n\n<p>Im 2. Halbjahr der Klasse 7&nbsp; werden wir einen &#8222;Pilotkurs&#8220; mit allen siebten Klassen durchf\u00fchren, der sich an den Themen des ersten Lernjahres innerhalb des EC-Kurses orientiert. Der Kurs wird jeweils von den Englischlehrern unterrichtet.<\/p>\n\n\n\n<p>Ein beeindruckendes Beispiel der praktischen Arbeit im EC-Kurs erhalten Sie mit folgendem Film, den EC-Sch\u00fcler der Klasse 9 unter Leitung von Herrn Dembowksi zum Thema &#8222;Organic Farming&#8220; produziert haben:&nbsp; <a href=\"https:\/\/www.youtube.com\/watch?v=etB0rWMFwck\">https:\/\/www.youtube.com\/watch?v=etB0rWMFwck<\/a><\/p>\n","protected":false},"excerpt":{"rendered":"<p>Zus\u00e4tzlich zu den regelm\u00e4\u00dfig stattfindenden Projektwochen im Rahmen von International Education gibt es ein Kursprogramm, welches sich &#8222;European Citizenship&#8220; nennt [&hellip;]<\/p>\n","protected":false},"author":1,"featured_media":0,"parent":0,"menu_order":0,"comment_status":"closed","ping_status":"closed","template":"","meta":{"ngg_post_thumbnail":0,"footnotes":""},"class_list":["post-364","page","type-page","status-publish","hentry"],"featured_image_src":null,"_links":{"self":[{"href":"https:\/\/gymnasium-rheindahlen.de\/index.php\/wp-json\/wp\/v2\/pages\/364","targetHints":{"allow":["GET"]}}],"collection":[{"href":"https:\/\/gymnasium-rheindahlen.de\/index.php\/wp-json\/wp\/v2\/pages"}],"about":[{"href":"https:\/\/gymnasium-rheindahlen.de\/index.php\/wp-json\/wp\/v2\/types\/page"}],"author":[{"embeddable":true,"href":"https:\/\/gymnasium-rheindahlen.de\/index.php\/wp-json\/wp\/v2\/users\/1"}],"replies":[{"embeddable":true,"href":"https:\/\/gymnasium-rheindahlen.de\/index.php\/wp-json\/wp\/v2\/comments?post=364"}],"version-history":[{"count":1,"href":"https:\/\/gymnasium-rheindahlen.de\/index.php\/wp-json\/wp\/v2\/pages\/364\/revisions"}],"predecessor-version":[{"id":365,"href":"https:\/\/gymnasium-rheindahlen.de\/index.php\/wp-json\/wp\/v2\/pages\/364\/revisions\/365"}],"wp:attachment":[{"href":"https:\/\/gymnasium-rheindahlen.de\/index.php\/wp-json\/wp\/v2\/media?parent=364"}],"curies":[{"name":"wp","href":"https:\/\/api.w.org\/{rel}","templated":true}]}}