{"id":360,"date":"2022-09-16T11:04:47","date_gmt":"2022-09-16T09:04:47","guid":{"rendered":"https:\/\/gymnasium-rheindahlen.de\/?page_id=360"},"modified":"2023-03-21T12:42:20","modified_gmt":"2023-03-21T11:42:20","slug":"kontakt-zur-berufsberaterin","status":"publish","type":"page","link":"https:\/\/gymnasium-rheindahlen.de\/index.php\/kontakt-zur-berufsberaterin\/","title":{"rendered":"Kontakt zur Berufsberaterin"},"content":{"rendered":"\r\n<div class=\"wp-block-group is-layout-flow wp-block-group-is-layout-flow\">\r\n<figure class=\"wp-block-image size-full\"><img loading=\"lazy\" decoding=\"async\" width=\"643\" height=\"123\" class=\"wp-image-361\" src=\"https:\/\/gymnasium-rheindahlen.de\/wp-content\/uploads\/2022\/09\/LogoArbeitsamt.png\" alt=\"\" srcset=\"https:\/\/gymnasium-rheindahlen.de\/wp-content\/uploads\/2022\/09\/LogoArbeitsamt.png 643w, https:\/\/gymnasium-rheindahlen.de\/wp-content\/uploads\/2022\/09\/LogoArbeitsamt-300x57.png 300w\" sizes=\"auto, (max-width: 643px) 100vw, 643px\" \/><\/figure>\r\n\r\n\r\n\r\n<p><strong>Studien- und Berufsberatung am Gymnasium Rheindahlen<\/strong><\/p>\r\n\r\n\r\n\r\n<p>F\u00fcr <strong>Sch\u00fclerinnen und Sch\u00fcler <\/strong>finden an der Schule Beratungsgespr\u00e4che zur Berufs- und Studienwahl statt. Die Gespr\u00e4che durch die Berufsberatung sind kostenfrei und vertraulich.<\/p>\r\n\r\n\r\n\r\n<p>Die Berufsberatung<\/p>\r\n\r\n\r\n\r\n<ul class=\"wp-block-list\">\r\n<li>hilft bei allen \u00dcberlegungen zur Berufswahl, auch und gerade auch dann, wenn Sie noch gar keine Idee haben, was Sie nach der Schule machen wollen<\/li>\r\n<li>ber\u00e4t Sie in einem pers\u00f6nlichen Gespr\u00e4ch zu Ihren beruflichen Zielen, Erwartungen und Fragen und bietet Ihnen individuelle Testverfahren an<\/li>\r\n<li>informiert \u00fcber Berufe<\/li>\r\n<li>informiert Sie \u00fcber Studieng\u00e4nge an Fachhochschulen\/Universit\u00e4ten und Zulassungsverfahren<\/li>\r\n<li>informiert \u00fcber Ausbildungsm\u00f6glichkeiten und das Bewerbungsverfahren<\/li>\r\n<li>informiert \u00fcber duale Studienm\u00f6glichkeiten<\/li>\r\n<li>unterst\u00fctzt Sie bei der Suche nach einem Ausbildungsplatz oder einem Betrieb f\u00fcr das duale Studium<\/li>\r\n<li>informiert zu \u00dcberbr\u00fcckungsm\u00f6glichkeiten wie Freiwilligendienste etc.<\/li>\r\n<\/ul>\r\n<\/div>\r\n\r\n\r\n\r\n<div class=\"wp-block-group is-layout-flow wp-block-group-is-layout-flow\">\r\n<figure class=\"wp-block-image size-full\"><img loading=\"lazy\" decoding=\"async\" width=\"244\" height=\"247\" class=\"wp-image-362\" src=\"https:\/\/gymnasium-rheindahlen.de\/wp-content\/uploads\/2022\/09\/Inderfurth-Berufsberatung.jpg\" alt=\"\"><\/figure>\r\n<figure class=\"wp-block-image size-full\"><span style=\"color: var(--wp--preset--color--dark-gray); font-size: var(--wp--preset--font-size--tiny); text-align: center;\">Eure Berufsberaterin Sandra Inderfurth<\/span><\/figure>\r\n<\/div>\r\n\r\n\r\n\r\n<p>Kontakt au\u00dferhalb der Schule:<\/p>\r\n\r\n\r\n\r\n<p>Email: <a href=\"mailto:Moenchengladbach.Berufsberatung@arbeitsagentur.de\">Moenchengladbach.Berufsberatung@arbeitsagentur.de<\/a><\/p>\r\n\r\n\r\n\r\n<div class=\"wp-block-group is-layout-flow wp-block-group-is-layout-flow\">\r\n<p>Tel.:&nbsp; 0800 4 5555 00 kostenfrei<\/p>\r\n<\/div>\r\n","protected":false},"excerpt":{"rendered":"<p>Studien- und Berufsberatung am Gymnasium Rheindahlen F\u00fcr Sch\u00fclerinnen und Sch\u00fcler finden an der Schule Beratungsgespr\u00e4che zur Berufs- und Studienwahl statt. [&hellip;]<\/p>\n","protected":false},"author":1,"featured_media":0,"parent":0,"menu_order":0,"comment_status":"closed","ping_status":"closed","template":"","meta":{"ngg_post_thumbnail":0,"footnotes":""},"class_list":["post-360","page","type-page","status-publish","hentry"],"featured_image_src":null,"_links":{"self":[{"href":"https:\/\/gymnasium-rheindahlen.de\/index.php\/wp-json\/wp\/v2\/pages\/360","targetHints":{"allow":["GET"]}}],"collection":[{"href":"https:\/\/gymnasium-rheindahlen.de\/index.php\/wp-json\/wp\/v2\/pages"}],"about":[{"href":"https:\/\/gymnasium-rheindahlen.de\/index.php\/wp-json\/wp\/v2\/types\/page"}],"author":[{"embeddable":true,"href":"https:\/\/gymnasium-rheindahlen.de\/index.php\/wp-json\/wp\/v2\/users\/1"}],"replies":[{"embeddable":true,"href":"https:\/\/gymnasium-rheindahlen.de\/index.php\/wp-json\/wp\/v2\/comments?post=360"}],"version-history":[{"count":2,"href":"https:\/\/gymnasium-rheindahlen.de\/index.php\/wp-json\/wp\/v2\/pages\/360\/revisions"}],"predecessor-version":[{"id":1629,"href":"https:\/\/gymnasium-rheindahlen.de\/index.php\/wp-json\/wp\/v2\/pages\/360\/revisions\/1629"}],"wp:attachment":[{"href":"https:\/\/gymnasium-rheindahlen.de\/index.php\/wp-json\/wp\/v2\/media?parent=360"}],"curies":[{"name":"wp","href":"https:\/\/api.w.org\/{rel}","templated":true}]}}