{"id":340,"date":"2022-09-16T10:44:12","date_gmt":"2022-09-16T08:44:12","guid":{"rendered":"https:\/\/gymnasium-rheindahlen.de\/?page_id=340"},"modified":"2022-09-16T10:44:12","modified_gmt":"2022-09-16T08:44:12","slug":"mitglied-werden","status":"publish","type":"page","link":"https:\/\/gymnasium-rheindahlen.de\/index.php\/mitglied-werden\/","title":{"rendered":"Mitglied werden"},"content":{"rendered":"\n<p>Die Motivation f\u00fcr eine Mitgliedschaft im F\u00f6rderverein der Schule hat zum Teil sehr unterschiedliche Gr\u00fcnde. Im Regelfall ist es der Schulbesuch eines eigenen Kindes, welcher Eltern dazu motiviert, sich zu engagieren. Nicht alle Eltern verf\u00fcgen dabei \u00fcber die Zeit, aktiv in den Gremien der Schule mitzuarbeiten.<\/p>\n\n\n\n<p>Mit 20\u20ac oder mehr im Jahr kann jedoch jeder an der Gestaltung der Schule teilnehmen und viele Aktivit\u00e4ten und Anschaffungen erm\u00f6glichen, die den Schulalltag attraktiver und angenehmer machen. Zeigen Sie Ihrem Kind mit Ihrer Mitgliedschaft, dass Sie Interesse an seiner Schule haben!<\/p>\n\n\n\n<p>Gerade in Zeiten r\u00fcckl\u00e4ufiger staatlicher Mittelzuwendungen nimmt die Bedeutung eines finanziellen Zuschusses \u00fcber private Quellen wie z.B. den F\u00f6rderverein stetig zu.<\/p>\n\n\n\n<p>Die Liste der W\u00fcnsche ist gro\u00df und w\u00e4chst st\u00e4ndig.<\/p>\n\n\n\n<p>Ausreichende Bildung zum \u201eNulltarif&#8220; geh\u00f6rt der Vergangenheit an.<\/p>\n\n\n\n<h3 class=\"wp-block-heading\">Machen Sie mit!<\/h3>\n\n\n\n<p>\u2022 Sie verf\u00fcgen \u00fcber spezielle Kenntnisse, die dem F\u00f6rderverein in seiner Arbeit ( z. B. Design von Flyern, Pflege des Internetauftritts) weiterhelfen k\u00f6nnen?<\/p>\n\n\n\n<p>\u2022 Sie wissen, wie man spezielle \u00f6ffentliche oder private Geldquellen erschlie\u00dfen kann?<\/p>\n\n\n\n<p>\u2022 Sie kennen z.B. einen Referenten, der f\u00fcr eine schulische Vortragsveranstaltung eingeladen werden k\u00f6nnte?<\/p>\n\n\n\n<p>\u2022 Sie haben Kontakt zu Firmen in der Region, die Interesse an einer Vernetzung zum Gymnasium Rheindahlen haben?<\/p>\n\n\n\n<p><em>IBAN: DE50 3106 0517 2020 4000 16<br>BIC: GENODED1MRB<br>Institut:\u00a0<\/em>Volksbank M\u00f6nchengladbach<\/p>\n\n\n\n<p><em>Gemeinschaft der Freunde und F\u00f6rderer&nbsp;<\/em><em>des Gymnasiums Rheindahlen<\/em><em><br>Geusenstra\u00dfe 29<br>41179 M\u00f6nchengladbach<\/em><\/p>\n\n\n\n<p><em>IBAN: DE 79 31 05 0000 000 30 52 636<br>BIC: MG LSD E 33 XXX<br>Institut: Stadtsparkasse M\u00f6nchengladbach<\/em><\/p>\n\n\n\n<p>Hier k\u00f6nnen Sie das&nbsp;<strong>Anmeldefomular<\/strong>&nbsp;f\u00fcr die Aufnahme in den F\u00f6rderverein herunterladen:<\/p>\n\n\n\n<div data-wp-interactive=\"core\/file\" class=\"wp-block-file\"><object data-wp-bind--hidden=\"!state.hasPdfPreview\" hidden class=\"wp-block-file__embed\" data=\"https:\/\/gymnasium-rheindahlen.de\/wp-content\/uploads\/2022\/09\/FV-Aufnahmeantrag.pdf\" type=\"application\/pdf\" style=\"width:100%;height:600px\" aria-label=\"Einbettung von Einbettung von FV-Aufnahmeantrag..\"><\/object><a id=\"wp-block-file--media-83d56257-1c84-40e6-a76f-cf9ee4f64668\" href=\"https:\/\/gymnasium-rheindahlen.de\/wp-content\/uploads\/2022\/09\/FV-Aufnahmeantrag.pdf\">FV-Aufnahmeantrag<\/a><a href=\"https:\/\/gymnasium-rheindahlen.de\/wp-content\/uploads\/2022\/09\/FV-Aufnahmeantrag.pdf\" class=\"wp-block-file__button\" download aria-describedby=\"wp-block-file--media-83d56257-1c84-40e6-a76f-cf9ee4f64668\">Herunterladen<\/a><\/div>\n","protected":false},"excerpt":{"rendered":"<p>Die Motivation f\u00fcr eine Mitgliedschaft im F\u00f6rderverein der Schule hat zum Teil sehr unterschiedliche Gr\u00fcnde. Im Regelfall ist es der [&hellip;]<\/p>\n","protected":false},"author":1,"featured_media":0,"parent":0,"menu_order":0,"comment_status":"closed","ping_status":"closed","template":"","meta":{"ngg_post_thumbnail":0,"footnotes":""},"class_list":["post-340","page","type-page","status-publish","hentry"],"featured_image_src":null,"_links":{"self":[{"href":"https:\/\/gymnasium-rheindahlen.de\/index.php\/wp-json\/wp\/v2\/pages\/340","targetHints":{"allow":["GET"]}}],"collection":[{"href":"https:\/\/gymnasium-rheindahlen.de\/index.php\/wp-json\/wp\/v2\/pages"}],"about":[{"href":"https:\/\/gymnasium-rheindahlen.de\/index.php\/wp-json\/wp\/v2\/types\/page"}],"author":[{"embeddable":true,"href":"https:\/\/gymnasium-rheindahlen.de\/index.php\/wp-json\/wp\/v2\/users\/1"}],"replies":[{"embeddable":true,"href":"https:\/\/gymnasium-rheindahlen.de\/index.php\/wp-json\/wp\/v2\/comments?post=340"}],"version-history":[{"count":1,"href":"https:\/\/gymnasium-rheindahlen.de\/index.php\/wp-json\/wp\/v2\/pages\/340\/revisions"}],"predecessor-version":[{"id":341,"href":"https:\/\/gymnasium-rheindahlen.de\/index.php\/wp-json\/wp\/v2\/pages\/340\/revisions\/341"}],"wp:attachment":[{"href":"https:\/\/gymnasium-rheindahlen.de\/index.php\/wp-json\/wp\/v2\/media?parent=340"}],"curies":[{"name":"wp","href":"https:\/\/api.w.org\/{rel}","templated":true}]}}