{"id":332,"date":"2022-09-16T10:32:33","date_gmt":"2022-09-16T08:32:33","guid":{"rendered":"https:\/\/gymnasium-rheindahlen.de\/?page_id=332"},"modified":"2024-04-25T10:10:07","modified_gmt":"2024-04-25T08:10:07","slug":"berufsfelderkundungen","status":"publish","type":"page","link":"https:\/\/gymnasium-rheindahlen.de\/index.php\/berufsfelderkundungen\/","title":{"rendered":"Berufsfelderkundungen"},"content":{"rendered":"\r\n<p>Die Termine f\u00fcr die Berufsfelderkundungen im aktuellen Schuljahr entnehmen Sie bitte dem <a href=\"https:\/\/gymnasium-rheindahlen.de\/informationen\/termine\/\">Terminplan<\/a>.<\/p>\r\n\r\n\r\n\r\n<p>Au\u00dferdem bieten die folgenden Seiten wertvolle Informationen zum Thema &#8222;Berufsfelder erkunden&#8220;:<\/p>\r\n\r\n\r\n\r\n<p><a href=\"https:\/\/www.girls-day.de\/\">https:\/\/www.girls-day.de\/<\/a><\/p>\r\n\r\n\r\n\r\n<p><a href=\"https:\/\/www.boys-day.de\/\">https:\/\/www.boys-day.de\/<\/a><\/p>\r\n\r\n\r\n\r\n<p><a href=\"https:\/\/www.fachkraefte-fuer-morgen.de\/\">https:\/\/www.fachkraefte-fuer-morgen.de\/<\/a><\/p>\r\n<p>&nbsp;<\/p>\r\n<p>Die Sch\u00fclerinnen und Sch\u00fcler der Klassenstufe 9 k\u00f6nnen sich hier direkt am Portal anmelden\/bewerben:<\/p>\r\n<p><a href=\"https:\/\/mn.bfe-nrw.de\/node\/5459\">https:\/\/mn.bfe-nrw.de\/node\/5459<\/a><\/p>\r\n","protected":false},"excerpt":{"rendered":"<p>Die Termine f\u00fcr die Berufsfelderkundungen im aktuellen Schuljahr entnehmen Sie bitte dem Terminplan. Au\u00dferdem bieten die folgenden Seiten wertvolle Informationen [&hellip;]<\/p>\n","protected":false},"author":1,"featured_media":0,"parent":0,"menu_order":0,"comment_status":"closed","ping_status":"closed","template":"","meta":{"ngg_post_thumbnail":0,"footnotes":""},"class_list":["post-332","page","type-page","status-publish","hentry"],"featured_image_src":null,"_links":{"self":[{"href":"https:\/\/gymnasium-rheindahlen.de\/index.php\/wp-json\/wp\/v2\/pages\/332","targetHints":{"allow":["GET"]}}],"collection":[{"href":"https:\/\/gymnasium-rheindahlen.de\/index.php\/wp-json\/wp\/v2\/pages"}],"about":[{"href":"https:\/\/gymnasium-rheindahlen.de\/index.php\/wp-json\/wp\/v2\/types\/page"}],"author":[{"embeddable":true,"href":"https:\/\/gymnasium-rheindahlen.de\/index.php\/wp-json\/wp\/v2\/users\/1"}],"replies":[{"embeddable":true,"href":"https:\/\/gymnasium-rheindahlen.de\/index.php\/wp-json\/wp\/v2\/comments?post=332"}],"version-history":[{"count":3,"href":"https:\/\/gymnasium-rheindahlen.de\/index.php\/wp-json\/wp\/v2\/pages\/332\/revisions"}],"predecessor-version":[{"id":2822,"href":"https:\/\/gymnasium-rheindahlen.de\/index.php\/wp-json\/wp\/v2\/pages\/332\/revisions\/2822"}],"wp:attachment":[{"href":"https:\/\/gymnasium-rheindahlen.de\/index.php\/wp-json\/wp\/v2\/media?parent=332"}],"curies":[{"name":"wp","href":"https:\/\/api.w.org\/{rel}","templated":true}]}}