{"id":330,"date":"2022-09-16T10:28:44","date_gmt":"2022-09-16T08:28:44","guid":{"rendered":"https:\/\/gymnasium-rheindahlen.de\/?page_id=330"},"modified":"2025-11-17T11:58:38","modified_gmt":"2025-11-17T10:58:38","slug":"anmeldung","status":"publish","type":"page","link":"https:\/\/gymnasium-rheindahlen.de\/index.php\/anmeldung\/","title":{"rendered":"Anmeldung"},"content":{"rendered":"\r\n<p>Zu Beginn eines Kalenderjahres k\u00f6nnen die Eltern von Viertkl\u00e4sslern ihr Kind f\u00fcr die neuen f\u00fcnften Klassen des Folgeschuljahres am Gymnasium Rheindahlen anmelden (<a href=\"https:\/\/gymnasium-rheindahlen.de\/index.php\/2025\/11\/17\/anmeldetermine-fuer-das-schuljahr-2026-27\/\">Termine f\u00fcr das Schuljahr 2026\/2027<\/a>). Bitte vereinbaren Sie telefonisch einen Termin im Sekretariat (02161\/588560).&nbsp;<\/p>\r\n\r\n\r\n\r\n<p>Das Anmeldeformular f\u00fcr unsere Schule finden Sie <a href=\"https:\/\/gymnasium-rheindahlen.de\/index.php\/download-anmeldeformulare\/\">hier.<\/a><\/p>\r\n<p>Zu dem Anmeldetermin bringen Sie dann bitte folgende Unterlagen mit:<\/p>\r\n<ul>\r\n<li>(falls noch nicht vorab per Mail geschehen) unser Anmeldeformular<\/li>\r\n<li>das Zeugnis Klasse 4, 1. Halbjahr inklusive der begr\u00fcndeten Schulformempfehlung<\/li>\r\n<li>alle Anmeldescheine (werden von der Grundschule ausgeh\u00e4ndigt)<\/li>\r\n<li>Stammbuch oder Geburtsurkunde<\/li>\r\n<li>bei alleinigem Sorgerecht eines Elternteiles den Nachweis dazu (Gerichtsurteil, Negativ-Nachweis)<\/li>\r\n<\/ul>\r\n<p>Danke!<\/p>\r\n","protected":false},"excerpt":{"rendered":"<p>Zu Beginn eines Kalenderjahres k\u00f6nnen die Eltern von Viertkl\u00e4sslern ihr Kind f\u00fcr die neuen f\u00fcnften Klassen des Folgeschuljahres am Gymnasium [&hellip;]<\/p>\n","protected":false},"author":1,"featured_media":0,"parent":0,"menu_order":0,"comment_status":"closed","ping_status":"closed","template":"","meta":{"ngg_post_thumbnail":0,"footnotes":""},"class_list":["post-330","page","type-page","status-publish","hentry"],"featured_image_src":null,"_links":{"self":[{"href":"https:\/\/gymnasium-rheindahlen.de\/index.php\/wp-json\/wp\/v2\/pages\/330","targetHints":{"allow":["GET"]}}],"collection":[{"href":"https:\/\/gymnasium-rheindahlen.de\/index.php\/wp-json\/wp\/v2\/pages"}],"about":[{"href":"https:\/\/gymnasium-rheindahlen.de\/index.php\/wp-json\/wp\/v2\/types\/page"}],"author":[{"embeddable":true,"href":"https:\/\/gymnasium-rheindahlen.de\/index.php\/wp-json\/wp\/v2\/users\/1"}],"replies":[{"embeddable":true,"href":"https:\/\/gymnasium-rheindahlen.de\/index.php\/wp-json\/wp\/v2\/comments?post=330"}],"version-history":[{"count":24,"href":"https:\/\/gymnasium-rheindahlen.de\/index.php\/wp-json\/wp\/v2\/pages\/330\/revisions"}],"predecessor-version":[{"id":4116,"href":"https:\/\/gymnasium-rheindahlen.de\/index.php\/wp-json\/wp\/v2\/pages\/330\/revisions\/4116"}],"wp:attachment":[{"href":"https:\/\/gymnasium-rheindahlen.de\/index.php\/wp-json\/wp\/v2\/media?parent=330"}],"curies":[{"name":"wp","href":"https:\/\/api.w.org\/{rel}","templated":true}]}}