{"id":3125,"date":"2024-08-27T10:52:16","date_gmt":"2024-08-27T08:52:16","guid":{"rendered":"https:\/\/gymnasium-rheindahlen.de\/?page_id=3125"},"modified":"2025-09-05T16:10:38","modified_gmt":"2025-09-05T14:10:38","slug":"lerncoaching","status":"publish","type":"page","link":"https:\/\/gymnasium-rheindahlen.de\/index.php\/lerncoaching\/","title":{"rendered":"Lerncoaching"},"content":{"rendered":"<p><a href=\"https:\/\/gymnasium-rheindahlen.de\/wp-content\/uploads\/2025\/09\/Lerncoaching-Info-HomepageK.jpg\"><img loading=\"lazy\" decoding=\"async\" class=\"alignnone wp-image-3866 size-full\" src=\"https:\/\/gymnasium-rheindahlen.de\/wp-content\/uploads\/2025\/09\/Lerncoaching-Info-HomepageK.jpg\" alt=\"\" width=\"800\" height=\"566\" srcset=\"https:\/\/gymnasium-rheindahlen.de\/wp-content\/uploads\/2025\/09\/Lerncoaching-Info-HomepageK.jpg 800w, https:\/\/gymnasium-rheindahlen.de\/wp-content\/uploads\/2025\/09\/Lerncoaching-Info-HomepageK-300x212.jpg 300w, https:\/\/gymnasium-rheindahlen.de\/wp-content\/uploads\/2025\/09\/Lerncoaching-Info-HomepageK-768x543.jpg 768w, https:\/\/gymnasium-rheindahlen.de\/wp-content\/uploads\/2025\/09\/Lerncoaching-Info-HomepageK-600x425.jpg 600w\" sizes=\"auto, (max-width: 800px) 100vw, 800px\" \/><\/a><\/p>\n<p>Seit dem Schuljahr 2024\/2025 f\u00fchren wir an unserer Schule das Projekt \u201eLerncoaching\u201c durch. Als speziell geschulte Lerncoaches zeichnen hierf\u00fcr Frau Mohn, Herr Brendel und Herr Griemmert verantwortlich.<br \/>\nIm Lernen gecoacht werden? Was kann man sich darunter vorstellen?<\/p>\n<p><strong>Was bedeutet Lerncoaching?<\/strong><\/p>\n<p>\u201eLerncoaching erweitert das Spektrum von Lernbegleitung.\u201c (Nicolaisen, 2017). Ausgehend von diesem Zitat l\u00e4sst sich das Ziel des Lerncoachings gut darstellen. Lerncoaching bedeutet Lernbegleitung, die konkrete Arbeit an Lernstrategien. Der Fokus liegt auf der Hilfe zur Selbsthilfe, um Sch\u00fclerinnen und Sch\u00fcler darin zu unterst\u00fctzen, Lernhemmnisse zu minimieren. Lerncoaching ist also keine Nachhilfe oder sture Wiederholung von Unterrichtsinhalten, es ist leider auch kein Motivationsknopf.<br \/>\nLerncoaching zeichnet sich stattdessen insbesondere aus durch:<br \/>\n\u2026 professionelle Gespr\u00e4chsf\u00fchrung<br \/>\n\u2026 Arbeit mit emotionalen Anteilen<br \/>\n\u2026 Fokussierung auf die Ressourcen und die L\u00f6sungspotentiale der Sch\u00fclerinnen und Sch\u00fcler<\/p>\n<p><strong>Was ist der konkrete Nutzen von Lerncoaching f\u00fcr unsere Schule?<\/strong><\/p>\n<p>Wir haben durch das Lerncoaching neben den etablierten Unterst\u00fctzungsangeboten (z.B. Methodentage, Sch\u00fcler helfen Sch\u00fcler, Beratungslehrer etc.) und externen Angeboten eine weitere M\u00f6glichkeit, die Sch\u00fclerinnen und Sch\u00fcler zielf\u00fchrend abzuholen.<\/p>\n<p><strong>Wie soll das Lerncoaching am Gymnasium Rheindahlen umgesetzt werden?<\/strong><\/p>\n<p>Prinzipiell ergeben sich Anl\u00e4sse f\u00fcr Lerncoaching einerseits aus der diagnostischen Arbeit der Lehrkr\u00e4fte im Unterricht, andererseits k\u00f6nnen sich auch Sch\u00fclerinnen und Sch\u00fcler mit einem Anliegen an die Lerncoachs wenden. Je nach Situation kann ein Lerncoaching individuell oder ggf. auch in Kleingruppen stattfinden. Zudem existiert eine feste Sprechstunde der Lerncoaches. Weitere Elemente der Lernbegleitung sollen noch hinzukommen.<\/p>\n<p><strong>Anbahnung eines Lerncoachings<\/strong><\/p>\n<p><a href=\"https:\/\/gymnasium-rheindahlen.de\/wp-content\/uploads\/2024\/08\/Lerncoaching.jpg\"><img loading=\"lazy\" decoding=\"async\" class=\"alignnone wp-image-3120 size-full\" src=\"https:\/\/gymnasium-rheindahlen.de\/wp-content\/uploads\/2024\/08\/Lerncoaching.jpg\" alt=\"\" width=\"800\" height=\"358\" srcset=\"https:\/\/gymnasium-rheindahlen.de\/wp-content\/uploads\/2024\/08\/Lerncoaching.jpg 800w, https:\/\/gymnasium-rheindahlen.de\/wp-content\/uploads\/2024\/08\/Lerncoaching-300x134.jpg 300w, https:\/\/gymnasium-rheindahlen.de\/wp-content\/uploads\/2024\/08\/Lerncoaching-768x344.jpg 768w, https:\/\/gymnasium-rheindahlen.de\/wp-content\/uploads\/2024\/08\/Lerncoaching-600x269.jpg 600w\" sizes=\"auto, (max-width: 800px) 100vw, 800px\" \/><\/a><\/p>\n","protected":false},"excerpt":{"rendered":"<p>Seit dem Schuljahr 2024\/2025 f\u00fchren wir an unserer Schule das Projekt \u201eLerncoaching\u201c durch. Als speziell geschulte Lerncoaches zeichnen hierf\u00fcr Frau [&hellip;]<\/p>\n","protected":false},"author":1,"featured_media":0,"parent":0,"menu_order":0,"comment_status":"closed","ping_status":"closed","template":"","meta":{"ngg_post_thumbnail":0,"footnotes":""},"class_list":["post-3125","page","type-page","status-publish","hentry"],"featured_image_src":null,"_links":{"self":[{"href":"https:\/\/gymnasium-rheindahlen.de\/index.php\/wp-json\/wp\/v2\/pages\/3125","targetHints":{"allow":["GET"]}}],"collection":[{"href":"https:\/\/gymnasium-rheindahlen.de\/index.php\/wp-json\/wp\/v2\/pages"}],"about":[{"href":"https:\/\/gymnasium-rheindahlen.de\/index.php\/wp-json\/wp\/v2\/types\/page"}],"author":[{"embeddable":true,"href":"https:\/\/gymnasium-rheindahlen.de\/index.php\/wp-json\/wp\/v2\/users\/1"}],"replies":[{"embeddable":true,"href":"https:\/\/gymnasium-rheindahlen.de\/index.php\/wp-json\/wp\/v2\/comments?post=3125"}],"version-history":[{"count":5,"href":"https:\/\/gymnasium-rheindahlen.de\/index.php\/wp-json\/wp\/v2\/pages\/3125\/revisions"}],"predecessor-version":[{"id":3880,"href":"https:\/\/gymnasium-rheindahlen.de\/index.php\/wp-json\/wp\/v2\/pages\/3125\/revisions\/3880"}],"wp:attachment":[{"href":"https:\/\/gymnasium-rheindahlen.de\/index.php\/wp-json\/wp\/v2\/media?parent=3125"}],"curies":[{"name":"wp","href":"https:\/\/api.w.org\/{rel}","templated":true}]}}