{"id":311,"date":"2022-09-16T10:10:50","date_gmt":"2022-09-16T08:10:50","guid":{"rendered":"https:\/\/gymnasium-rheindahlen.de\/?page_id=311"},"modified":"2022-09-16T10:26:39","modified_gmt":"2022-09-16T08:26:39","slug":"anlegen-einer-wildblumenwiese","status":"publish","type":"page","link":"https:\/\/gymnasium-rheindahlen.de\/index.php\/anlegen-einer-wildblumenwiese\/","title":{"rendered":"Anlegen einer Wildblumenwiese"},"content":{"rendered":"\n<p>Die UNESCO-AG hatte zu Beginn des Schuljahres 2021\/22 die Idee, eine Wildblumenwiese zwischen den Fu\u00dfballpl\u00e4tzen und Laufbahn anzulegen. Trotz der Weitl\u00e4ufigkeit des Schulgel\u00e4ndes herrscht dort seit Jahren nur eine geringe Artenvielfalt, weil kaum Lebensraum f\u00fcr Insekten wie beispielsweise Schmetterlinge vorhanden ist.<\/p>\n\n\n\n<p>Nachdem Herr Tissen, ein Vertreter des NABU, wertvolle Tipps zur praktischen Umsetzung gegeben hatte, konnte die Idee schlie\u00dflich im M\u00e4rz 2022 verwirklicht werden. Die ersten sichtbaren Ergebnisse lie\u00dfen &#8211; trotz g\u00e4rtnerischen Einsatzes der AG-Mitglieder &#8211; zun\u00e4chst auf sich warten, doch p\u00fcnktlich zum Sommer erbl\u00fchte die Wildblumenwiese in voller Pracht.<\/p>\n\n\n\nngg_shortcode_0_placeholder\n","protected":false},"excerpt":{"rendered":"<p>Die UNESCO-AG hatte zu Beginn des Schuljahres 2021\/22 die Idee, eine Wildblumenwiese zwischen den Fu\u00dfballpl\u00e4tzen und Laufbahn anzulegen. Trotz der [&hellip;]<\/p>\n","protected":false},"author":1,"featured_media":0,"parent":0,"menu_order":0,"comment_status":"closed","ping_status":"closed","template":"","meta":{"ngg_post_thumbnail":0,"footnotes":""},"class_list":["post-311","page","type-page","status-publish","hentry"],"featured_image_src":null,"_links":{"self":[{"href":"https:\/\/gymnasium-rheindahlen.de\/index.php\/wp-json\/wp\/v2\/pages\/311","targetHints":{"allow":["GET"]}}],"collection":[{"href":"https:\/\/gymnasium-rheindahlen.de\/index.php\/wp-json\/wp\/v2\/pages"}],"about":[{"href":"https:\/\/gymnasium-rheindahlen.de\/index.php\/wp-json\/wp\/v2\/types\/page"}],"author":[{"embeddable":true,"href":"https:\/\/gymnasium-rheindahlen.de\/index.php\/wp-json\/wp\/v2\/users\/1"}],"replies":[{"embeddable":true,"href":"https:\/\/gymnasium-rheindahlen.de\/index.php\/wp-json\/wp\/v2\/comments?post=311"}],"version-history":[{"count":4,"href":"https:\/\/gymnasium-rheindahlen.de\/index.php\/wp-json\/wp\/v2\/pages\/311\/revisions"}],"predecessor-version":[{"id":329,"href":"https:\/\/gymnasium-rheindahlen.de\/index.php\/wp-json\/wp\/v2\/pages\/311\/revisions\/329"}],"wp:attachment":[{"href":"https:\/\/gymnasium-rheindahlen.de\/index.php\/wp-json\/wp\/v2\/media?parent=311"}],"curies":[{"name":"wp","href":"https:\/\/api.w.org\/{rel}","templated":true}]}}