{"id":2776,"date":"2024-04-07T18:55:13","date_gmt":"2024-04-07T16:55:13","guid":{"rendered":"https:\/\/gymnasium-rheindahlen.de\/?page_id=2776"},"modified":"2024-04-07T18:55:13","modified_gmt":"2024-04-07T16:55:13","slug":"what-if-planspiel-erster-weltkrieg-fuer-den-frieden-haendereichen-brueckenbauen","status":"publish","type":"page","link":"https:\/\/gymnasium-rheindahlen.de\/index.php\/what-if-planspiel-erster-weltkrieg-fuer-den-frieden-haendereichen-brueckenbauen\/","title":{"rendered":"\u201eWhat If\u201c \u2013 Planspiel Erster Weltkrieg (\u201eF\u00fcr den Frieden #haendereichen #brueckenbauen\u201c)"},"content":{"rendered":"<p>Beim Planspiel begaben sich die 22 Teilnehmenden in die Rollen verschiedener europ\u00e4ischer Staaten (Deutsches Reich, \u00d6sterreich-Ungarn, Serbien, Russland, Frankreich, Gro\u00dfbritannien, Italien) im Jahr 1905. Das Planspiel war rundenbasiert. So konnten pro Jahr zwei Spielrunden durchgef\u00fchrt werden. Jeder Staat hatte dabei eigene Ziele, die bis 1920 erf\u00fcllt sein mussten. Die Spielziele waren bei jeder Nation friedlich zu erreichen. Bei einigen Staaten war es auch m\u00f6glich, die Ziele kriegerisch zu erreichen. Die Teilnehmenden verzichteten allerdings auf den kriegerischen Weg und l\u00f6sten Konflikte diplomatisch und f\u00f6rderten den wirtschaftlichen Austausch. Die Reflexionsphase am Ende ergab, dass ein Krieg durchaus in Betracht gezogen wurde und auch mehrfach kurz bevorstand. Die Teilnehmenden wollten allerdings dieses unkalkulierbare Risiko f\u00fcr ihre Staaten nicht eingehen, da die Ziele auch friedlich zu erreichen waren. Die Teilnehmenden lernten so, wie schwierig die Erhaltung des Friedens sein kann.<\/p>\n<p style=\"text-align: left;\"><em>Kinnen<\/em><\/p>\nngg_shortcode_0_placeholder\n","protected":false},"excerpt":{"rendered":"<p>Beim Planspiel begaben sich die 22 Teilnehmenden in die Rollen verschiedener europ\u00e4ischer Staaten (Deutsches Reich, \u00d6sterreich-Ungarn, Serbien, Russland, Frankreich, Gro\u00dfbritannien, [&hellip;]<\/p>\n","protected":false},"author":1,"featured_media":0,"parent":0,"menu_order":0,"comment_status":"closed","ping_status":"closed","template":"","meta":{"ngg_post_thumbnail":0,"footnotes":""},"class_list":["post-2776","page","type-page","status-publish","hentry"],"featured_image_src":null,"_links":{"self":[{"href":"https:\/\/gymnasium-rheindahlen.de\/index.php\/wp-json\/wp\/v2\/pages\/2776","targetHints":{"allow":["GET"]}}],"collection":[{"href":"https:\/\/gymnasium-rheindahlen.de\/index.php\/wp-json\/wp\/v2\/pages"}],"about":[{"href":"https:\/\/gymnasium-rheindahlen.de\/index.php\/wp-json\/wp\/v2\/types\/page"}],"author":[{"embeddable":true,"href":"https:\/\/gymnasium-rheindahlen.de\/index.php\/wp-json\/wp\/v2\/users\/1"}],"replies":[{"embeddable":true,"href":"https:\/\/gymnasium-rheindahlen.de\/index.php\/wp-json\/wp\/v2\/comments?post=2776"}],"version-history":[{"count":1,"href":"https:\/\/gymnasium-rheindahlen.de\/index.php\/wp-json\/wp\/v2\/pages\/2776\/revisions"}],"predecessor-version":[{"id":2777,"href":"https:\/\/gymnasium-rheindahlen.de\/index.php\/wp-json\/wp\/v2\/pages\/2776\/revisions\/2777"}],"wp:attachment":[{"href":"https:\/\/gymnasium-rheindahlen.de\/index.php\/wp-json\/wp\/v2\/media?parent=2776"}],"curies":[{"name":"wp","href":"https:\/\/api.w.org\/{rel}","templated":true}]}}