{"id":2715,"date":"2024-03-30T20:04:05","date_gmt":"2024-03-30T19:04:05","guid":{"rendered":"https:\/\/gymnasium-rheindahlen.de\/?page_id=2715"},"modified":"2024-03-30T20:05:53","modified_gmt":"2024-03-30T19:05:53","slug":"ein-drolliges-friedensmaerchen-schreiben-fuer-den-frieden-haendereichen-brueckenbauen","status":"publish","type":"page","link":"https:\/\/gymnasium-rheindahlen.de\/index.php\/ein-drolliges-friedensmaerchen-schreiben-fuer-den-frieden-haendereichen-brueckenbauen\/","title":{"rendered":"Ein drolliges Friedensm\u00e4rchen schreiben (\u201eF\u00fcr den Frieden #haendereichen #brueckenbauen\u201c)"},"content":{"rendered":"<p>In diesem Projekt, das sich an Sch\u00fclerInnen aller Jahrgangsstufen richtete, haben die Teilnehmenden kleine Ringb\u00fccher mit drolligen Friedensm\u00e4rchen illustriert. Vorab mussten sie sich eine Alterszielgruppe \u00fcberlegen, an die sich die Geschichte richten sollte. Als n\u00e4chstes folgte das Brainstorming, in dem die Figuren- und Konfliktentwicklung im Vordergrund stand. Mithilfe von Deutschlehrer Christoph G\u00fcnschmann wurden auf dieser Basis dann konkrete Storylines entwickelt, die nach einer finalen Charakter\u00fcberarbeitung schlie\u00dflich niedergeschrieben und mit Zeichnungen und Bildern versch\u00f6nert wurden.<\/p>\n<p>Einige Titelbilder und Schreibpl\u00e4ne der drolligen Friedensm\u00e4rchen finden Sie hier:<\/p>\nngg_shortcode_0_placeholder\n","protected":false},"excerpt":{"rendered":"<p>In diesem Projekt, das sich an Sch\u00fclerInnen aller Jahrgangsstufen richtete, haben die Teilnehmenden kleine Ringb\u00fccher mit drolligen Friedensm\u00e4rchen illustriert. Vorab [&hellip;]<\/p>\n","protected":false},"author":1,"featured_media":0,"parent":0,"menu_order":0,"comment_status":"closed","ping_status":"closed","template":"","meta":{"ngg_post_thumbnail":0,"footnotes":""},"class_list":["post-2715","page","type-page","status-publish","hentry"],"featured_image_src":null,"_links":{"self":[{"href":"https:\/\/gymnasium-rheindahlen.de\/index.php\/wp-json\/wp\/v2\/pages\/2715","targetHints":{"allow":["GET"]}}],"collection":[{"href":"https:\/\/gymnasium-rheindahlen.de\/index.php\/wp-json\/wp\/v2\/pages"}],"about":[{"href":"https:\/\/gymnasium-rheindahlen.de\/index.php\/wp-json\/wp\/v2\/types\/page"}],"author":[{"embeddable":true,"href":"https:\/\/gymnasium-rheindahlen.de\/index.php\/wp-json\/wp\/v2\/users\/1"}],"replies":[{"embeddable":true,"href":"https:\/\/gymnasium-rheindahlen.de\/index.php\/wp-json\/wp\/v2\/comments?post=2715"}],"version-history":[{"count":4,"href":"https:\/\/gymnasium-rheindahlen.de\/index.php\/wp-json\/wp\/v2\/pages\/2715\/revisions"}],"predecessor-version":[{"id":2720,"href":"https:\/\/gymnasium-rheindahlen.de\/index.php\/wp-json\/wp\/v2\/pages\/2715\/revisions\/2720"}],"wp:attachment":[{"href":"https:\/\/gymnasium-rheindahlen.de\/index.php\/wp-json\/wp\/v2\/media?parent=2715"}],"curies":[{"name":"wp","href":"https:\/\/api.w.org\/{rel}","templated":true}]}}