{"id":27,"date":"2022-04-21T16:02:32","date_gmt":"2022-04-21T14:02:32","guid":{"rendered":"https:\/\/gymnasium-rheindahlen.de\/?page_id=27"},"modified":"2022-09-16T13:58:37","modified_gmt":"2022-09-16T11:58:37","slug":"schulnetzwerk","status":"publish","type":"page","link":"https:\/\/gymnasium-rheindahlen.de\/index.php\/schulnetzwerk\/","title":{"rendered":"Schulnetzwerk"},"content":{"rendered":"\n<p>Unser Schulnetzwerk richtet sich an unsere Sch\u00fclerinnen und Sch\u00fcler.<\/p>\n\n\n\n<pre class=\"wp-block-preformatted\"><strong>Dateiserver:<\/strong>\n\u00dcber den Dateiserver k\u00f6nnen Sie auf Ihre pers\u00f6nlichen Dateien und Kalender zugreifen.\n\nF\u00fcr den Dienst ben\u00f6tigen Sie einen Benutzernamen und ein Passwort.\nEventuell erscheint eine Zertifikatswarnung. Diese k\u00f6nnen und m\u00fcssen Sie ignorieren!\n\n<a href=\"https:\/\/gymrhein.my-wan.de\/horde3\" target=\"_blank\" rel=\"noreferrer noopener\">Zum Dateiserver<\/a><\/pre>\n\n\n\n<pre class=\"wp-block-preformatted\"><strong>Lernplattform Moodle:\n<\/strong>\u00dcber die Lernplattform des Gymnasiums Rheindahlen erhalten Sie digitale \u00dcbungs- oder Hausaufgaben Ihrer Lehrer. Au\u00dferdem k\u00f6nnen Sie hier, genau wie auf dem Dateiserver auf einen pers\u00f6nlichen Kalender zugreifen.\nF\u00fcr den Dienst ben\u00f6tigen Sie einen Benutzernamen und ein Passwort.\nEventuell erscheint eine Zertifikatswarnung. Diese k\u00f6nnen und m\u00fcssen Sie ignorieren!\n\n<a href=\"https:\/\/moodle.gymrhein.de\/\">Zur Lernplattform Moodle<\/a><\/pre>\n","protected":false},"excerpt":{"rendered":"<p>Unser Schulnetzwerk richtet sich an unsere Sch\u00fclerinnen und Sch\u00fcler. Dateiserver: \u00dcber den Dateiserver k\u00f6nnen Sie auf Ihre pers\u00f6nlichen Dateien und [&hellip;]<\/p>\n","protected":false},"author":1,"featured_media":0,"parent":0,"menu_order":0,"comment_status":"closed","ping_status":"closed","template":"","meta":{"ngg_post_thumbnail":0,"footnotes":""},"class_list":["post-27","page","type-page","status-publish","hentry"],"featured_image_src":null,"_links":{"self":[{"href":"https:\/\/gymnasium-rheindahlen.de\/index.php\/wp-json\/wp\/v2\/pages\/27","targetHints":{"allow":["GET"]}}],"collection":[{"href":"https:\/\/gymnasium-rheindahlen.de\/index.php\/wp-json\/wp\/v2\/pages"}],"about":[{"href":"https:\/\/gymnasium-rheindahlen.de\/index.php\/wp-json\/wp\/v2\/types\/page"}],"author":[{"embeddable":true,"href":"https:\/\/gymnasium-rheindahlen.de\/index.php\/wp-json\/wp\/v2\/users\/1"}],"replies":[{"embeddable":true,"href":"https:\/\/gymnasium-rheindahlen.de\/index.php\/wp-json\/wp\/v2\/comments?post=27"}],"version-history":[{"count":2,"href":"https:\/\/gymnasium-rheindahlen.de\/index.php\/wp-json\/wp\/v2\/pages\/27\/revisions"}],"predecessor-version":[{"id":552,"href":"https:\/\/gymnasium-rheindahlen.de\/index.php\/wp-json\/wp\/v2\/pages\/27\/revisions\/552"}],"wp:attachment":[{"href":"https:\/\/gymnasium-rheindahlen.de\/index.php\/wp-json\/wp\/v2\/media?parent=27"}],"curies":[{"name":"wp","href":"https:\/\/api.w.org\/{rel}","templated":true}]}}