{"id":2656,"date":"2024-03-22T09:42:23","date_gmt":"2024-03-22T08:42:23","guid":{"rendered":"https:\/\/gymnasium-rheindahlen.de\/?page_id=2656"},"modified":"2024-03-22T09:42:23","modified_gmt":"2024-03-22T08:42:23","slug":"konflikte-loesen-lernen-fuer-den-frieden-haendereichen-brueckenbauen","status":"publish","type":"page","link":"https:\/\/gymnasium-rheindahlen.de\/index.php\/konflikte-loesen-lernen-fuer-den-frieden-haendereichen-brueckenbauen\/","title":{"rendered":"Konflikte l\u00f6sen lernen (&#8222;F\u00fcr den Frieden #haendereichen #brueckenbauen&#8220;)"},"content":{"rendered":"<p>In diesem Projekt besch\u00e4ftigten sich Sch\u00fclerInnen der Jahrgangsstufen 5 bis 7 mit den Fragen, was \u00fcberhaupt ein Konflikt ist und wie man damit umgehen kann. Dazu betrachteten, analysierten und bewerteten sie u.a. mehrere Konfliktsituationen.<\/p>\n<ul>\n<li>ngg_shortcode_0_placeholder<\/li>\n<\/ul>\n","protected":false},"excerpt":{"rendered":"<p>In diesem Projekt besch\u00e4ftigten sich Sch\u00fclerInnen der Jahrgangsstufen 5 bis 7 mit den Fragen, was \u00fcberhaupt ein Konflikt ist und [&hellip;]<\/p>\n","protected":false},"author":1,"featured_media":0,"parent":0,"menu_order":0,"comment_status":"closed","ping_status":"closed","template":"","meta":{"ngg_post_thumbnail":0,"footnotes":""},"class_list":["post-2656","page","type-page","status-publish","hentry"],"featured_image_src":null,"_links":{"self":[{"href":"https:\/\/gymnasium-rheindahlen.de\/index.php\/wp-json\/wp\/v2\/pages\/2656","targetHints":{"allow":["GET"]}}],"collection":[{"href":"https:\/\/gymnasium-rheindahlen.de\/index.php\/wp-json\/wp\/v2\/pages"}],"about":[{"href":"https:\/\/gymnasium-rheindahlen.de\/index.php\/wp-json\/wp\/v2\/types\/page"}],"author":[{"embeddable":true,"href":"https:\/\/gymnasium-rheindahlen.de\/index.php\/wp-json\/wp\/v2\/users\/1"}],"replies":[{"embeddable":true,"href":"https:\/\/gymnasium-rheindahlen.de\/index.php\/wp-json\/wp\/v2\/comments?post=2656"}],"version-history":[{"count":1,"href":"https:\/\/gymnasium-rheindahlen.de\/index.php\/wp-json\/wp\/v2\/pages\/2656\/revisions"}],"predecessor-version":[{"id":2657,"href":"https:\/\/gymnasium-rheindahlen.de\/index.php\/wp-json\/wp\/v2\/pages\/2656\/revisions\/2657"}],"wp:attachment":[{"href":"https:\/\/gymnasium-rheindahlen.de\/index.php\/wp-json\/wp\/v2\/media?parent=2656"}],"curies":[{"name":"wp","href":"https:\/\/api.w.org\/{rel}","templated":true}]}}