{"id":2635,"date":"2024-03-22T09:35:20","date_gmt":"2024-03-22T08:35:20","guid":{"rendered":"https:\/\/gymnasium-rheindahlen.de\/?page_id=2635"},"modified":"2024-03-22T09:35:20","modified_gmt":"2024-03-22T08:35:20","slug":"der-friedensnobelpreis-fuer-den-frieden-haendereichen-brueckenbauen","status":"publish","type":"page","link":"https:\/\/gymnasium-rheindahlen.de\/index.php\/der-friedensnobelpreis-fuer-den-frieden-haendereichen-brueckenbauen\/","title":{"rendered":"Der Friedensnobelpreis (\u201eF\u00fcr den Frieden #haendereichen #brueckenbauen\u201c)"},"content":{"rendered":"<p>\u201eWer bekommt den Friedensnobelpreis eigentlich und wof\u00fcr?\u201c \u2013 mit diesen Fragen haben sich Sch\u00fclerinnen und Sch\u00fcler der Stufen 10 bis 12 auseinandergesetzt und ausgew\u00e4hlte Preistr\u00e4gerinnen und -tr\u00e4ger kritisch betrachtet.<\/p>\nngg_shortcode_0_placeholder\n","protected":false},"excerpt":{"rendered":"<p>\u201eWer bekommt den Friedensnobelpreis eigentlich und wof\u00fcr?\u201c \u2013 mit diesen Fragen haben sich Sch\u00fclerinnen und Sch\u00fcler der Stufen 10 bis [&hellip;]<\/p>\n","protected":false},"author":1,"featured_media":0,"parent":0,"menu_order":0,"comment_status":"closed","ping_status":"closed","template":"","meta":{"ngg_post_thumbnail":0,"footnotes":""},"class_list":["post-2635","page","type-page","status-publish","hentry"],"featured_image_src":null,"_links":{"self":[{"href":"https:\/\/gymnasium-rheindahlen.de\/index.php\/wp-json\/wp\/v2\/pages\/2635","targetHints":{"allow":["GET"]}}],"collection":[{"href":"https:\/\/gymnasium-rheindahlen.de\/index.php\/wp-json\/wp\/v2\/pages"}],"about":[{"href":"https:\/\/gymnasium-rheindahlen.de\/index.php\/wp-json\/wp\/v2\/types\/page"}],"author":[{"embeddable":true,"href":"https:\/\/gymnasium-rheindahlen.de\/index.php\/wp-json\/wp\/v2\/users\/1"}],"replies":[{"embeddable":true,"href":"https:\/\/gymnasium-rheindahlen.de\/index.php\/wp-json\/wp\/v2\/comments?post=2635"}],"version-history":[{"count":1,"href":"https:\/\/gymnasium-rheindahlen.de\/index.php\/wp-json\/wp\/v2\/pages\/2635\/revisions"}],"predecessor-version":[{"id":2650,"href":"https:\/\/gymnasium-rheindahlen.de\/index.php\/wp-json\/wp\/v2\/pages\/2635\/revisions\/2650"}],"wp:attachment":[{"href":"https:\/\/gymnasium-rheindahlen.de\/index.php\/wp-json\/wp\/v2\/media?parent=2635"}],"curies":[{"name":"wp","href":"https:\/\/api.w.org\/{rel}","templated":true}]}}