{"id":2594,"date":"2024-03-20T14:24:36","date_gmt":"2024-03-20T13:24:36","guid":{"rendered":"https:\/\/gymnasium-rheindahlen.de\/?page_id=2594"},"modified":"2024-03-20T14:30:01","modified_gmt":"2024-03-20T13:30:01","slug":"werde-zur-skulptur-fuer-den-frieden-haendereichen-brueckenbauen","status":"publish","type":"page","link":"https:\/\/gymnasium-rheindahlen.de\/index.php\/werde-zur-skulptur-fuer-den-frieden-haendereichen-brueckenbauen\/","title":{"rendered":"&#8222;Werde zur Skulptur!&#8220; (\u201eF\u00fcr den Frieden #haendereichen #brueckenbauen\u201c)"},"content":{"rendered":"<div class=\"default-style\">Im Kunst-Projekt &#8222;Werde zur Skulptur&#8220; haben die Sch\u00fclerInnen eigene ungew\u00f6hnliche Handlungsanweisungen f\u00fcr eine \u201eOne minute-sculpture\u201c zum Thema &#8222;H\u00e4nde reichen &#8211; Br\u00fccken bauen&#8220; im Sinne Erwin Wurms entwickelt. Die Handlung sollte zu zweit oder mit mehreren Personen ausgef\u00fchrt werden k\u00f6nnen.&nbsp;<\/div>\n<div class=\"default-style\">ngg_shortcode_0_placeholder<\/div>\n","protected":false},"excerpt":{"rendered":"<p>Im Kunst-Projekt &#8222;Werde zur Skulptur&#8220; haben die Sch\u00fclerInnen eigene ungew\u00f6hnliche Handlungsanweisungen f\u00fcr eine \u201eOne minute-sculpture\u201c zum Thema &#8222;H\u00e4nde reichen &#8211; [&hellip;]<\/p>\n","protected":false},"author":1,"featured_media":0,"parent":0,"menu_order":0,"comment_status":"closed","ping_status":"closed","template":"","meta":{"ngg_post_thumbnail":0,"footnotes":""},"class_list":["post-2594","page","type-page","status-publish","hentry"],"featured_image_src":null,"_links":{"self":[{"href":"https:\/\/gymnasium-rheindahlen.de\/index.php\/wp-json\/wp\/v2\/pages\/2594","targetHints":{"allow":["GET"]}}],"collection":[{"href":"https:\/\/gymnasium-rheindahlen.de\/index.php\/wp-json\/wp\/v2\/pages"}],"about":[{"href":"https:\/\/gymnasium-rheindahlen.de\/index.php\/wp-json\/wp\/v2\/types\/page"}],"author":[{"embeddable":true,"href":"https:\/\/gymnasium-rheindahlen.de\/index.php\/wp-json\/wp\/v2\/users\/1"}],"replies":[{"embeddable":true,"href":"https:\/\/gymnasium-rheindahlen.de\/index.php\/wp-json\/wp\/v2\/comments?post=2594"}],"version-history":[{"count":6,"href":"https:\/\/gymnasium-rheindahlen.de\/index.php\/wp-json\/wp\/v2\/pages\/2594\/revisions"}],"predecessor-version":[{"id":2612,"href":"https:\/\/gymnasium-rheindahlen.de\/index.php\/wp-json\/wp\/v2\/pages\/2594\/revisions\/2612"}],"wp:attachment":[{"href":"https:\/\/gymnasium-rheindahlen.de\/index.php\/wp-json\/wp\/v2\/media?parent=2594"}],"curies":[{"name":"wp","href":"https:\/\/api.w.org\/{rel}","templated":true}]}}