{"id":2557,"date":"2024-03-19T15:31:02","date_gmt":"2024-03-19T14:31:02","guid":{"rendered":"https:\/\/gymnasium-rheindahlen.de\/?page_id=2557"},"modified":"2024-04-07T18:55:51","modified_gmt":"2024-04-07T16:55:51","slug":"unesco-projekttag-am-19-03-2024-fuer-den-frieden-haendereichen-brueckenbauen","status":"publish","type":"page","link":"https:\/\/gymnasium-rheindahlen.de\/index.php\/unesco-projekttag-am-19-03-2024-fuer-den-frieden-haendereichen-brueckenbauen\/","title":{"rendered":"UNESCO-Projekttag am 19.03.2024 &#8222;F\u00fcr den Frieden #haendereichen #brueckenbauen&#8220;"},"content":{"rendered":"<p>Hier finden Sie einen \u00dcberblick \u00fcber s\u00e4mtliche Projekte, die am 19.03.2024 unter dem Motto &#8222;F\u00fcr den Frieden #haendereichen #brueckenbauen&#8220; klassen\u00fcbergreifend durchgef\u00fchrt wurden:<\/p>\n<ol>\n<li><a href=\"https:\/\/gymnasium-rheindahlen.de\/index.php\/der-friedensnobelpreis-fuer-den-frieden-haendereichen-brueckenbauen\/\">Der Friedensnobelpreis<\/a><\/li>\n<li><a href=\"https:\/\/gymnasium-rheindahlen.de\/index.php\/ein-drolliges-friedensmaerchen-schreiben-fuer-den-frieden-haendereichen-brueckenbauen\/\">Ein drolliges Friedensm\u00e4rchen schreiben<\/a><\/li>\n<li><a href=\"https:\/\/gymnasium-rheindahlen.de\/index.php\/die-ara-pacis-fuer-den-frieden-haendereichen-brueckenbauen\/\">Die Ara Pacis: Friedensaltar des Augustus<\/a><\/li>\n<li><a href=\"https:\/\/gymnasium-rheindahlen.de\/index.php\/bruecken-bauen-fuer-den-frieden-haendereichen-brueckenbauen\/\">Br\u00fccken bauen<\/a><\/li>\n<li><a href=\"https:\/\/gymnasium-rheindahlen.de\/index.php\/konfliktanalysen-fuer-den-frieden-haendereichen-brueckenbauen\/\">So viele Kriege in der Welt! Warum nur? \u2013 Konfliktanalysen helfen zu verstehen<\/a><\/li>\n<li><a href=\"https:\/\/gymnasium-rheindahlen.de\/index.php\/friedenslichter-basteln-fuer-den-frieden-haendereichen-brueckenbauen\/\">Friedenslichter basteln<\/a><\/li>\n<li><a href=\"https:\/\/gymnasium-rheindahlen.de\/index.php\/what-if-planspiel-erster-weltkrieg-fuer-den-frieden-haendereichen-brueckenbauen\/\">\u201eWhat if?\u201c \u2013 Planspiel zur Urkatastrophe des 20. Jahrhunderts<\/a><\/li>\n<li><a href=\"https:\/\/gymnasium-rheindahlen.de\/wp-content\/uploads\/2024\/04\/Geschichte-des-Antisemitismus.pdf\">Geschichte des Antisemitismus (PDF)<\/a><\/li>\n<li><a href=\"https:\/\/gymnasium-rheindahlen.de\/index.php\/im-frieden-mit-der-umwelt-gestaltung-eines-bienenfreundlichen-schulhofs-fuer-den-frieden-haendereichen-brueckenbauen\/\">Im Frieden mit der Umwelt: Der bienenfreundliche Schulhof<\/a><\/li>\n<li><a href=\"https:\/\/gymnasium-rheindahlen.de\/index.php\/peace-reels-fuer-den-frieden-haendereichen-brueckenbauen\/\">Peace Reels<\/a><\/li>\n<li><a href=\"https:\/\/gymnasium-rheindahlen.de\/index.php\/streitschlichtung-fuer-den-frieden-haendereichen-brueckenbauen\/\">Streitschlichtung<\/a><\/li>\n<li>Friedenssymbole basteln<\/li>\n<li><a href=\"https:\/\/gymnasium-rheindahlen.de\/wp-content\/uploads\/2024\/04\/Bericht-UNESCO-Projekt-Haende-geben-Frieden-erleben.pdf\">H\u00e4nde geben &#8211; Frieden erleben (PDF)<\/a><\/li>\n<li><a href=\"https:\/\/gymnasium-rheindahlen.de\/wp-content\/uploads\/2024\/03\/Text-Projekttag.pdf\">Textilien mit Slogans bedrucken (PDF)<\/a><\/li>\n<li><a href=\"https:\/\/gymnasium-rheindahlen.de\/?page_id=2656&amp;preview=true\">Konflikte l\u00f6sen lernen<\/a><\/li>\n<li>Friedensplakate gestalten<\/li>\n<li>Ghandi \u2013 gewaltfrei gegen Gewalt<\/li>\n<li>Sch\u00fclerzeitung als Podcast und Blog<\/li>\n<li>Schreibwerkstatt: Gedichte gegen Diskriminierung<\/li>\n<li>Frieden und Mathematik: Berechnung \u00fcber Kriegskosten und Klimakatastrophen<\/li>\n<li><a href=\"https:\/\/gymnasium-rheindahlen.de\/?page_id=2652&amp;preview=true\">Schulband: Give peace a chance!<\/a><\/li>\n<li><a href=\"https:\/\/gymnasium-rheindahlen.de\/index.php\/werde-zur-skulptur-fuer-den-frieden-haendereichen-brueckenbauen\/\">Werde zur Skulptur!<\/a><\/li>\n<li><a href=\"https:\/\/gymnasium-rheindahlen.de\/index.php\/graphic-novels-fuer-den-frieden-haendereichen-brueckenbauen\/\">Graphic Novels zum Thema Krieg und Rassismus<\/a><\/li>\n<li>Friedensnudelbr\u00fccken bauen<\/li>\n<li><a href=\"https:\/\/gymnasium-rheindahlen.de\/wp-content\/uploads\/2024\/03\/Waffenloses-Leben_Praesentation.pdf\">Waffenloses Leben (PDF)<\/a><\/li>\n<li><a href=\"https:\/\/gymnasium-rheindahlen.de\/wp-content\/uploads\/2024\/04\/Projekt-Gewaltfreie-Kommunikation-1-.pdf\">Gewaltfreie Kommunikation (PDF)<\/a><\/li>\n<li>Frieden schaffen mit Waffen?<\/li>\n<li><a href=\"https:\/\/gymnasium-rheindahlen.de\/index.php\/spiele-around-the-world-fuer-den-frieden-haendereichen-brueckenbauen\/\">Spiele \u201eAround the world\u201c<\/a><\/li>\n<li>Akrobatischer Br\u00fcckenbau<\/li>\n<\/ol>\n","protected":false},"excerpt":{"rendered":"<p>Hier finden Sie einen \u00dcberblick \u00fcber s\u00e4mtliche Projekte, die am 19.03.2024 unter dem Motto &#8222;F\u00fcr den Frieden #haendereichen #brueckenbauen&#8220; klassen\u00fcbergreifend [&hellip;]<\/p>\n","protected":false},"author":1,"featured_media":0,"parent":0,"menu_order":0,"comment_status":"closed","ping_status":"closed","template":"","meta":{"ngg_post_thumbnail":0,"footnotes":""},"class_list":["post-2557","page","type-page","status-publish","hentry"],"featured_image_src":null,"_links":{"self":[{"href":"https:\/\/gymnasium-rheindahlen.de\/index.php\/wp-json\/wp\/v2\/pages\/2557","targetHints":{"allow":["GET"]}}],"collection":[{"href":"https:\/\/gymnasium-rheindahlen.de\/index.php\/wp-json\/wp\/v2\/pages"}],"about":[{"href":"https:\/\/gymnasium-rheindahlen.de\/index.php\/wp-json\/wp\/v2\/types\/page"}],"author":[{"embeddable":true,"href":"https:\/\/gymnasium-rheindahlen.de\/index.php\/wp-json\/wp\/v2\/users\/1"}],"replies":[{"embeddable":true,"href":"https:\/\/gymnasium-rheindahlen.de\/index.php\/wp-json\/wp\/v2\/comments?post=2557"}],"version-history":[{"count":26,"href":"https:\/\/gymnasium-rheindahlen.de\/index.php\/wp-json\/wp\/v2\/pages\/2557\/revisions"}],"predecessor-version":[{"id":2778,"href":"https:\/\/gymnasium-rheindahlen.de\/index.php\/wp-json\/wp\/v2\/pages\/2557\/revisions\/2778"}],"wp:attachment":[{"href":"https:\/\/gymnasium-rheindahlen.de\/index.php\/wp-json\/wp\/v2\/media?parent=2557"}],"curies":[{"name":"wp","href":"https:\/\/api.w.org\/{rel}","templated":true}]}}