{"id":2481,"date":"2024-02-19T19:25:24","date_gmt":"2024-02-19T18:25:24","guid":{"rendered":"https:\/\/gymnasium-rheindahlen.de\/?page_id=2481"},"modified":"2024-09-17T11:39:47","modified_gmt":"2024-09-17T09:39:47","slug":"dfb-junior-coach-ausbildung","status":"publish","type":"page","link":"https:\/\/gymnasium-rheindahlen.de\/index.php\/dfb-junior-coach-ausbildung\/","title":{"rendered":"DFB-Junior-Coach-Ausbildung"},"content":{"rendered":"<p>In Zusammenarbeit mit dem Fu\u00dfballverband Niederrhein und dem DFB bildet das Gymnasium Rheindahlen Jugendliche zu \u201cDFB-Junior-Coaches\u201d aus. Unser Gymnasium, das sich bereits seit Jahren \u201eEliteschule des Fu\u00dfballs\u201c und \u201eNRW-Sportschule\u201c nennen darf, ist dabei deutschlandweit eine von circa 200 Schulen, die dieses Projekt durchf\u00fchren, und erweitert somit seinen sportliches \u201eMosaik\u201c um ein weiteres Steinchen.<\/p>\n<p>In 40 Unterrichtseinheiten, die in einer Projektwoche absolviert werden, lernen fu\u00dfballinteressierte Sch\u00fclerinnen und Sch\u00fcler der Jahrgangsstufe Q1 das praktische und theoretische \u201cGrundhandwerkszeug\u201d eines Fu\u00dfball-Coaches. Die Durchf\u00fchrung der Ausbildung wird von Sportlehrer Jan Schroers und Fu\u00dfballtrainer Oliver Kapner \u00fcbernommen.<\/p>\n<p>Nach ihrer Zertifizierung zu \u201cDFB-Junior-Coaches\u201d sollen die Sch\u00fclerinnen und Sch\u00fcler dann die M\u00f6glichkeit erhalten, qualitativ hochwertiges Fu\u00dfballtraining in Vereinen und\/oder attraktive Fu\u00dfball-Arbeitsgemeinschaften am Gymnasium Rheindahlen und den Grundschulen des Umkreises durchzuf\u00fchren. Nach der Umstrukturierung des Lizenzsystems der Trainerausbildung gilt der Junior Coach als erster Einstieg in den lizenzierten Trainerbereich und ist dem Basis-Coach gleichgestellt. Somit erf\u00fcllen die Junior Coaches alle Bedingungen, um die C-Lizenz im Bereich Fu\u00dfball zu absolvieren.<\/p>\n<p>Die erste Auflage nach der Corona-Pause fand im Schuljahr 2023\/2024 statt. Den Artikel finden Sie <a href=\"https:\/\/gymnasium-rheindahlen.de\/index.php\/2024\/08\/25\/dfb-junior-coaches-ausgebildet\/\">hier<\/a>.<\/p>\n<p><a href=\"https:\/\/gymnasium-rheindahlen.de\/wp-content\/uploads\/2024\/09\/IMG_3864.jpg\"><img loading=\"lazy\" decoding=\"async\" class=\"alignnone wp-image-3200 size-full\" src=\"https:\/\/gymnasium-rheindahlen.de\/wp-content\/uploads\/2024\/09\/IMG_3864.jpg\" alt=\"\" width=\"650\" height=\"488\" srcset=\"https:\/\/gymnasium-rheindahlen.de\/wp-content\/uploads\/2024\/09\/IMG_3864.jpg 650w, https:\/\/gymnasium-rheindahlen.de\/wp-content\/uploads\/2024\/09\/IMG_3864-300x225.jpg 300w, https:\/\/gymnasium-rheindahlen.de\/wp-content\/uploads\/2024\/09\/IMG_3864-600x450.jpg 600w\" sizes=\"auto, (max-width: 650px) 100vw, 650px\" \/><\/a><\/p>\n<p><a href=\"https:\/\/gymnasium-rheindahlen.de\/wp-content\/uploads\/2024\/09\/image_manager__dopic_big_junior_coach.jpg\"><img loading=\"lazy\" decoding=\"async\" class=\"alignnone wp-image-3199 size-full\" src=\"https:\/\/gymnasium-rheindahlen.de\/wp-content\/uploads\/2024\/09\/image_manager__dopic_big_junior_coach.jpg\" alt=\"\" width=\"650\" height=\"325\" srcset=\"https:\/\/gymnasium-rheindahlen.de\/wp-content\/uploads\/2024\/09\/image_manager__dopic_big_junior_coach.jpg 650w, https:\/\/gymnasium-rheindahlen.de\/wp-content\/uploads\/2024\/09\/image_manager__dopic_big_junior_coach-300x150.jpg 300w, https:\/\/gymnasium-rheindahlen.de\/wp-content\/uploads\/2024\/09\/image_manager__dopic_big_junior_coach-600x300.jpg 600w\" sizes=\"auto, (max-width: 650px) 100vw, 650px\" \/><\/a><\/p>\n","protected":false},"excerpt":{"rendered":"<p>In Zusammenarbeit mit dem Fu\u00dfballverband Niederrhein und dem DFB bildet das Gymnasium Rheindahlen Jugendliche zu \u201cDFB-Junior-Coaches\u201d aus. Unser Gymnasium, das [&hellip;]<\/p>\n","protected":false},"author":1,"featured_media":0,"parent":0,"menu_order":0,"comment_status":"closed","ping_status":"closed","template":"","meta":{"ngg_post_thumbnail":0,"footnotes":""},"class_list":["post-2481","page","type-page","status-publish","hentry"],"featured_image_src":null,"_links":{"self":[{"href":"https:\/\/gymnasium-rheindahlen.de\/index.php\/wp-json\/wp\/v2\/pages\/2481","targetHints":{"allow":["GET"]}}],"collection":[{"href":"https:\/\/gymnasium-rheindahlen.de\/index.php\/wp-json\/wp\/v2\/pages"}],"about":[{"href":"https:\/\/gymnasium-rheindahlen.de\/index.php\/wp-json\/wp\/v2\/types\/page"}],"author":[{"embeddable":true,"href":"https:\/\/gymnasium-rheindahlen.de\/index.php\/wp-json\/wp\/v2\/users\/1"}],"replies":[{"embeddable":true,"href":"https:\/\/gymnasium-rheindahlen.de\/index.php\/wp-json\/wp\/v2\/comments?post=2481"}],"version-history":[{"count":4,"href":"https:\/\/gymnasium-rheindahlen.de\/index.php\/wp-json\/wp\/v2\/pages\/2481\/revisions"}],"predecessor-version":[{"id":3201,"href":"https:\/\/gymnasium-rheindahlen.de\/index.php\/wp-json\/wp\/v2\/pages\/2481\/revisions\/3201"}],"wp:attachment":[{"href":"https:\/\/gymnasium-rheindahlen.de\/index.php\/wp-json\/wp\/v2\/media?parent=2481"}],"curies":[{"name":"wp","href":"https:\/\/api.w.org\/{rel}","templated":true}]}}